{"id":132,"date":"2012-06-16T12:26:56","date_gmt":"2012-06-16T11:26:56","guid":{"rendered":"http:\/\/android.8u.cz\/?page_id=132"},"modified":"2013-05-26T08:34:54","modified_gmt":"2013-05-26T07:34:54","slug":"samsung-galaxy-s2-i9100","status":"publish","type":"page","link":"https:\/\/android.8u.cz\/?page_id=132","title":{"rendered":"Samsung Galaxy S2 i9100"},"content":{"rendered":"<p style=\"text-align: center;\"><img loading=\"lazy\" class=\"aligncenter\" title=\"http:\/\/eurodroid.com\/edpics3\/galaxy_s_2_40-uk-1.jpg\" src=\"http:\/\/eurodroid.com\/edpics3\/galaxy_s_2_40-uk-1.jpg\" alt=\"\" width=\"272\" height=\"226\" \/><\/p>\n<p>Existuje utilita one click root, podot\u00fdk\u00e1m, \u017ee samsung m\u00e1 flash counter, kter\u00fd se d\u00e1 vynulovat pomoc\u00ed JIGu , kter\u00fd stoj\u00ed asi 30 k\u010d. (vlastn\u00edm ho)<\/p>\n<p>V\u0161e je na vlastn\u00ed nebezpe\u010d\u00ed. N\u00e1vod je pro i9100 \u00a0, nen\u00ed pro i9100G a dal\u0161\u00ed \u0161unky.<\/p>\n<p>&nbsp;<\/p>\n<h1><strong>ROOT<\/strong><\/h1>\n<p><span style=\"text-decoration: underline; color: #ff0000;\"><strong><span style=\"color: #0000ff; font-size: medium;\"><strong>Krok\u00a0<\/strong>1<\/span><\/strong><\/span><\/p>\n<p><span style=\"font-size: small;\">St\u00e1hn\u011bte Odin3 v3.04 odtud\u00a0<a href=\"http:\/\/forum.xda-developers.com\/attachment.php?attachmentid=1094518&amp;d=1338368405\" rel=\"nofollow\" target=\"_blank\">HERE<\/a><\/span><\/p>\n<p><strong><span style=\"text-decoration: underline;\"><span style=\"font-size: medium;\"><span style=\"color: blue;\"><strong>Krok<\/strong>\u00a02<\/span><\/span><\/span><\/strong><br \/>\n<span style=\"font-size: small;\">Posledn\u00ed ICS nezabezpe\u010den\u00e9 kernely a origin\u00e1ln\u00ed kernely\u00a0<a title=\"http:\/\/forum.xda-developers.com\/showthread.php?t=1619525\" href=\"http:\/\/forum.xda-developers.com\/showthread.php?t=1619525\" rel=\"nofollow\" target=\"_blank\">HERE<\/a><\/span><\/p>\n<p><strong><span style=\"text-decoration: underline;\"><span style=\"font-size: medium;\"><span style=\"color: blue;\"><strong>Krok<\/strong>\u00a03<\/span><\/span><\/span><\/strong><br \/>\n<span style=\"font-size: small;\">B\u011b\u017ete do nastaven\u00ed&gt;aplikace&gt;mo\u017enosti pro v\u00fdvoj\u00e1\u0159e a zapn\u011bte lad\u011bn\u00ed USB \/ android 4 nastaven\u00ed&gt;v\u00fdvoj\u00e1\u0159sk\u00e9 mo\u017enosti&gt;lad\u011bn\u00ed usb.<\/span><\/p>\n<p><strong><span style=\"text-decoration: underline;\"><span style=\"font-size: medium;\"><span style=\"color: blue;\"><strong>Krok<\/strong>\u00a04<\/span><\/span><\/span><\/strong><br \/>\n<span style=\"font-size: small;\">Reboot do Download Mode.\u00a0<strong>(Vypn\u011bte za\u0159\u00edzen\u00ed, podr\u017ete Vol Dol\u016f + Home + Power), pak\u00a0Zm\u00e1\u010dkn\u011bte Volume nahoru pro akceptov\u00e1n\u00ed v\u00fdstrahy.<\/strong>\u00a0Pokud to ud\u011bl\u00e1te spr\u00e1vn\u011b uvid\u00edte velk\u00fd \u017elut\u00fd vyk\u0159i\u010dn\u00edk uprost\u0159ed obrazovky se slovy &#8218;Downloading&#8230; Do not turn off target&#8216; pod n\u00edm.\u00a0<strong>(nebo zm\u00e1\u010dkn\u011bte &#8218;Jump To Download Mode&#8216; v <a title=\"S2 root\" href=\"http:\/\/dl.dropbox.com\/u\/24741486\/SGS2\/galaxys2root.zip\" target=\"_blank\">S2 Root<\/a>)<\/strong>.<\/span><\/p>\n<p><strong><span style=\"text-decoration: underline;\"><span style=\"font-size: medium;\"><span style=\"color: blue;\"><strong>Krok<\/strong>\u00a05<\/span><\/span><\/span><\/strong><br \/>\n<span style=\"font-size: small;\">P\u0159ipojte Va\u0161e za\u0159\u00edzen\u00ed k pc a spus\u0165te Odin. Pokud m\u00e1te nainstalovan\u00fd KIES, tak m\u00e1te pot\u0159ebn\u00e9 ovlada\u010de a vlevo naho\u0159e u prvn\u00edho ok\u00e9nka uvid\u00edte\u00a0<strong>ID:COM<\/strong>\u00a0a \u010d\u00edslo portu ke kter\u00e9mu je telefon p\u0159ipojen.<\/span><\/p>\n<p><strong><span style=\"text-decoration: underline;\"><span style=\"font-size: medium;\"><span style=\"color: blue;\"><strong>Krok<\/strong>\u00a06<\/span><\/span><\/span><\/strong><br \/>\n<span style=\"font-size: small;\">Zkontrolujte, \u017ee v odinu jsou zatr\u017een\u00e9 pouze mo\u017enosti\u00a0<strong>Auto Reboot<\/strong>\u00a0a\u00a0<strong>F. Reset Time<\/strong>.<\/span><\/p>\n<p><strong><span style=\"text-decoration: underline;\"><span style=\"font-size: medium;\"><span style=\"color: blue;\"><strong>Krok<\/strong>\u00a07<\/span><\/span><\/span><\/strong><br \/>\n<span style=\"font-size: small;\">Nyn\u00ed stiskn\u011bte\u00a0<strong>PDA<\/strong>\u00a0tla\u010d\u00edtko a vyberte nezabezpe\u010den\u00fd kernel, kter\u00fd jste si st\u00e1hli v kroku 2.\u00a0<strong>(Pozn\u00e1mka:bude ve form\u00e1tu *.tar, *.md5 or *.smd .)<\/strong><\/span><\/p>\n<p><strong><span style=\"text-decoration: underline;\"><span style=\"font-size: medium;\"><span style=\"color: blue;\"><strong>Krok<\/strong>\u00a08<\/span><\/span><\/span><\/strong><br \/>\n<span style=\"font-size: small;\">Klikn\u011bte v pc na <strong>Start<\/strong>\u00a0a po\u010dkejte a\u017e se za\u0159\u00edzen\u00ed restartuje.<\/span><\/p>\n<p><strong><span style=\"text-decoration: underline;\"><span style=\"font-size: medium;\"><span style=\"color: blue;\"><strong>Krok<\/strong>\u00a09<\/span><\/span><\/span><\/strong><br \/>\n<span style=\"font-size: small;\">Pokud jste ud\u011blali v\u0161e spr\u00e1vn\u011b, tak po zapnut\u00ed telefonu uvid\u00edte vyk\u0159i\u010dn\u00edk pod n\u00e1pisem samsung i9100. To zna\u010d\u00ed, \u017ee m\u00e1te nezabezpe\u010den\u00fd kernel nahr\u00e1n s do\u010dasn\u00fdmi root pr\u00e1vy.<\/span><\/p>\n<p><strong><span style=\"text-decoration: underline;\"><span style=\"font-size: medium;\"><span style=\"color: blue;\"><strong>Krok<\/strong>\u00a010<\/span><\/span><\/span><\/strong><br \/>\n<span style=\"font-size: small;\">A\u017e v\u00e1m nabootuje telefon, spus\u0165te\u00a0<a title=\"s2root\" href=\"http:\/\/dl.dropbox.com\/u\/24741486\/SGS2\/galaxys2root.zip\" target=\"_blank\"><strong>S2 Root<\/strong>\u00a0<\/a>klikn\u011bte na\u00a0<strong>Root Device<\/strong>. Po\u010dkejte a\u017e se telefon restartuje, no a to je v\u0161echno, m\u00e1te root.\u00a0<\/span><\/p>\n<p><strong><span style=\"text-decoration: underline;\"><span style=\"font-size: medium;\"><span style=\"color: blue;\"><strong>Krok<\/strong>\u00a011<\/span><\/span><\/span><\/strong><br \/>\n<span style=\"font-size: small;\">Tohle je jen \u00a0<span style=\"text-decoration: underline;\"><strong>Optim\u00e1ln\u00ed krok<\/strong><\/span>\u00a0, ale m\u016f\u017eete podle krok\u016f 4 a\u017e 8 nahr\u00e1t zp\u011bt origin\u00e1ln\u00ed kernel \u00a0pro odstran\u011bn\u00ed toho vyk\u0159i\u010dn\u00edku po startu, p\u0159i \u010dem\u017e by V\u00e1m m\u011bly b\u00fdt zachov\u00e1ny root pr\u00e1va.<\/span><\/p>\n<p><strong>CLOCKWORKMOD-RECOVERY PRO GALAXY S II (GT-I9100)<\/strong><br \/>\nTento ClockworkMod Recovery obsahuje kernel pro pou\u017eit\u00ed s ICS rom.<\/p>\n<p>Instrukce<br \/>\n1. Vypn\u011bte telefon<br \/>\n2. Nabootujte do Download-Mode s pou\u017eit\u00edm Volume Down + Home + Power<br \/>\n3. Zm\u00e1\u010dkn\u011bte Volume nahoru pro akceptov\u00e1n\u00ed v\u00fdstrahy. to accept the warning<br \/>\n4. Start Odin<br \/>\n5. Zm\u00e1\u010dkn\u011bte pda a vyberte &#8222;<a title=\"http:\/\/teamhacksung.org\/download\/samsung\/GT-I9100\/GT-I9100_ICS_ClockworkMod-Recovery_5.5.0.4.tar\" href=\"http:\/\/teamhacksung.org\/download\/samsung\/GT-I9100\/GT-I9100_ICS_ClockworkMod-Recovery_5.5.0.4.tar\">GT-I9100_ClockworkMod-Recovery_X.X.X.X.tar<\/a>&#8220; \u00a0(ne repartition)<br \/>\n6. P\u0159ipojte telefon<br \/>\n7. Start flashing<br \/>\nPo rebootu m\u016f\u017eete pou\u017e\u00edt S2 root pro root, ale pokud u\u017e jste nahr\u00e1li CWM, tak si rovnou st\u00e1hn\u011bte jinou romku a nahrajte si j\u00ed.<\/p>\n<p>Pou\u017eit\u00ed<br \/>\nVolume Up + Home + Power nabootuje telefon do Recovery Mode.<\/p>\n<p>Volume up: posun nahoru<\/p>\n<p>Volume down: posun dolu<\/p>\n<p>Home: V\u00fdb\u011br<\/p>\n<p>Power: V\u00fdb\u011br<\/p>\n<p>Downloads<br \/>\nICS &#8211; 5.5.0.4: <a title=\"http:\/\/teamhacksung.org\/download\/samsung\/GT-I9100\/GT-I9100_ICS_ClockworkMod-Recovery_5.5.0.4.tar\" href=\"http:\/\/teamhacksung.org\/download\/samsung\/GT-I9100\/GT-I9100_ICS_ClockworkMod-Recovery_5.5.0.4.tar\">Download<\/a><\/p>\n<h1>DUAL BOOT<\/h1>\n<p><a href=\"http:\/\/downloadandroidrom.com\/file\/GalaxyS2\/kernels\/ICS\/Siyah\/Siyah-v3.2b8-CWM.zip\">http:\/\/downloadandroidrom.com\/file\/GalaxyS2\/kernels\/ICS\/Siyah\/Siyah-v3.2b8-CWM.zip<\/a><\/p>\n<p>Toto se flashne jako kernel a p\u0159ibude mo\u017enost v CWM d\u00e1t mo\u017enost dual boot.<\/p>\n<p>Prvn\u00ed se mus\u00ed d\u00e1t, copy 1st to 2nd rom.<\/p>\n<h1>UNROOT (sp\u00ed\u0161 vr\u00e1cen\u00ed do tov\u00e1rn\u00edho stavu)<\/h1>\n<p>Tak dost\u00e1v\u00e1me se k unrootu.<\/p>\n<p>V prvn\u00ed \u0159ad\u011b pot\u0159ebujeme JIG. (aukro 90 k\u010d \/ ebay 20 k\u010d)<\/p>\n<p>POSTUP:<br \/>\n<strong>KROK 1:<\/strong><\/p>\n<p>Nabijte baterii p\u0159ed ka\u017ed\u00fdm fle\u0161em nejm\u00e9n\u011b na 50% a zaz\u00e1lohujte si kontakty atd. pokud nem\u00e1te.Tento postup vyma\u017ee data z telefonu.Pokud m\u00e1te n\u011bco ve vnit\u0159n\u00ed USB pam\u011bti (foto,video atd) tak to z\u016fstane nedot\u010deno. Telefon nastaven v re\u017eimu Lad\u011bn\u00ed USB: Nastaven\u00ed -&gt; Aplikace -&gt; Rozvoj -&gt; Za\u0161krtnuto Lad\u011bn\u00ed USB.<\/p>\n<p><strong>KROK 2: <\/strong><\/p>\n<p>vypn\u011bte telefon do download modu volume &#8211; \/home \/ power<\/p>\n<p><strong>KROK 3:<\/strong><\/p>\n<p>Flashn\u011bte star\u00fd <a title=\"bootloader\" href=\"http:\/\/dl.dropbox.com\/u\/24741486\/SGS2\/GT-I9100_OLD_BOOTLOADER.tar\" target=\"_blank\">bootloader<\/a>\u00a0p\u0159es <strong>odin<\/strong>.<\/p>\n<p><strong>KROK 4:<\/strong><\/p>\n<p>Pomoc\u00ed <a title=\"FUS\" href=\"http:\/\/dl.dropbox.com\/u\/24741486\/SGS2\/CheckFusDownloader_v2.1.rar\" target=\"_blank\">Fus downloaderu<\/a>\u00a0si najd\u011bte a st\u00e1hn\u011bte romku dle regionu telefonu.<\/p>\n<p><strong>KROK 5:<\/strong><\/p>\n<p>Pomoc\u00ed JIGU ho zapn\u011bte do download modu a flashn\u011bte sta\u017eenou romku p\u0159es <strong>odin<\/strong>.<\/p>\n<p><strong>KROK 6:<\/strong><\/p>\n<p>Nechte nabootovat, nic nenastavujte a zadejte\u00a0*#272*sv\u016fj IMEI# (najdete ho na krabici nebo pod bateri\u00ed), ozna\u010dte XEO (polsko) XEZ (\u010desko) a dejte install.<\/p>\n<p><strong>KROK 7:<\/strong><\/p>\n<p>Po najet\u00ed romky si nic nenastavujte a vypn\u011bte p\u0159\u00edstroj. Trojhmatem se dosta\u0148te do Recovery modu (volume+,home,power &#8211; a dr\u017ete do t\u00e9 doby a\u017e V\u00e1m najedou n\u011bjak\u00e9 \u0159\u00e1dky). Pomoc\u00ed tla\u010d\u00edtek hlasitosti vyberte wipe data\/factory reset a potvr\u010fte st\u0159edov\u00fdm tla\u010d\u00edtkem home.<br \/>\nTo sam\u00e9 prove\u010f i u polo\u017eky wipe cache pak prove\u010f reboot (restart). <strong>Podot\u00fdk\u00e1m, \u017ee tento krok je na vlastn\u00ed nebezpe\u010d\u00ed, proto\u017ee u ur\u010dit\u00fdch verz\u00ed 4.0.4 m\u016f\u017ee doj\u00edt k hardbricku, ale pokud jste ud\u011blali p\u0159edchoz\u00ed kroky, tak to servis vy\u0159e\u0161\u00ed. Informujte se pros\u00edm na googlu o verzi firmwaru, aby nedo\u0161lo k p\u0159\u00edpadn\u00fdm pot\u00ed\u017e\u00edm.<\/strong><\/p>\n<p>Ov\u011b\u0159en\u00ed, \u017ee se zda\u0159ilo m\u016f\u017eete prov\u00e9st p\u0159ipojen\u00edm ke KIES, kde u\u017e v pol\u00ed\u010dku aktualizace bude naps\u00e1no, \u017ee aktualizace nen\u00ed pot\u0159eba, nebo V\u00e1m nab\u00eddne aktualizaci.<\/p>\n<p>A te\u010f ho m\u016f\u017eete poslat na reklamaci, prodat nebo cokoliv, proto\u017ee je ofici\u00e1ln\u00ed.<\/p>\n<h1><strong>ROOT po tomto, nebo hodn\u011b rychl\u00fd p\u0159echod na jinou rom.<\/strong><\/h1>\n<p>Pres odin flashnete <a title=\"CWM\" href=\"http:\/\/dl.dropbox.com\/u\/24741486\/SGS2\/GT-I9100_ICS_ClockworkMod-Recovery_5.5.0.4.tar\" target=\"_blank\">recovery\u00a0<\/a><\/p>\n<p>Pak v recovery flashnete <a title=\"Siyah\" href=\"http:\/\/dl.dropbox.com\/u\/24741486\/SGS2\/Siyah-v3.3.2-CWM.zip\">Siyah kernel<\/a><\/p>\n<p>a pak pokra\u010dujte podle n\u00e1vodu dual boot.<\/p>\n<h1>RADIA a MODEMY \u00a0ovlada\u010de<\/h1>\n<p><a href=\"http:\/\/www.wuala.com\/PFittech\/PFittech_SERVER\/modems\/\">http:\/\/www.wuala.com\/PFittech\/PFittech_SERVER\/modems\/<\/a><\/p>\n<p>Posledn\u00ed <a title=\"XXLPW\" href=\"http:\/\/dl.dropbox.com\/u\/24741486\/SGS2\/modem_CWM_XXLPW.zip\" target=\"_blank\">XXLPW<\/a><\/p>\n<div class=\"facebook-like\"><fb:like layout=\"standard\" show_faces=\"true\" href=\"https:\/\/android.8u.cz\/?page_id=132\"><\/fb:like><\/div>","protected":false},"excerpt":{"rendered":"<p>Existuje utilita one click root, podot\u00fdk\u00e1m, \u017ee samsung m\u00e1 flash counter, kter\u00fd se d\u00e1 vynulovat pomoc\u00ed JIGu , kter\u00fd stoj\u00ed asi 30 k\u010d. (vlastn\u00edm ho) V\u0161e je na vlastn\u00ed nebezpe\u010d\u00ed. N\u00e1vod je pro i9100 \u00a0, nen\u00ed pro i9100G a dal\u0161\u00ed [&hellip;] <a class=\"more-link\" href=\"https:\/\/android.8u.cz\/?page_id=132\">&darr; Read the rest of this entry&#8230;<\/a><\/p>\n","protected":false},"author":1,"featured_media":0,"parent":0,"menu_order":0,"comment_status":"open","ping_status":"closed","template":"","meta":[],"_links":{"self":[{"href":"https:\/\/android.8u.cz\/index.php?rest_route=\/wp\/v2\/pages\/132"}],"collection":[{"href":"https:\/\/android.8u.cz\/index.php?rest_route=\/wp\/v2\/pages"}],"about":[{"href":"https:\/\/android.8u.cz\/index.php?rest_route=\/wp\/v2\/types\/page"}],"author":[{"embeddable":true,"href":"https:\/\/android.8u.cz\/index.php?rest_route=\/wp\/v2\/users\/1"}],"replies":[{"embeddable":true,"href":"https:\/\/android.8u.cz\/index.php?rest_route=%2Fwp%2Fv2%2Fcomments&post=132"}],"version-history":[{"count":39,"href":"https:\/\/android.8u.cz\/index.php?rest_route=\/wp\/v2\/pages\/132\/revisions"}],"predecessor-version":[{"id":654,"href":"https:\/\/android.8u.cz\/index.php?rest_route=\/wp\/v2\/pages\/132\/revisions\/654"}],"wp:attachment":[{"href":"https:\/\/android.8u.cz\/index.php?rest_route=%2Fwp%2Fv2%2Fmedia&parent=132"}],"curies":[{"name":"wp","href":"https:\/\/api.w.org\/{rel}","templated":true}]}}