{"id":236,"date":"2012-07-31T08:05:52","date_gmt":"2012-07-31T07:05:52","guid":{"rendered":"http:\/\/android.8u.cz\/?page_id=236"},"modified":"2012-08-08T13:18:58","modified_gmt":"2012-08-08T12:18:58","slug":"zte-blade-gen-2","status":"publish","type":"page","link":"https:\/\/android.8u.cz\/?page_id=236","title":{"rendered":"ZTE BLADE GEN 2"},"content":{"rendered":"<p style=\"text-align: center;\"><img loading=\"lazy\" class=\"aligncenter\" title=\"http:\/\/www.f-mobil.cz\/User_Files\/photos\/4df6377c9bb1fzte-blade.jpg\" src=\"http:\/\/www.f-mobil.cz\/User_Files\/photos\/4df6377c9bb1fzte-blade.jpg\" alt=\"\" width=\"360\" height=\"311\" \/><\/p>\n<p>&nbsp;<\/p>\n<p><a href=\"http:\/\/www.modaco.com\/topic\/339048-guide-flashing-firmware-to-bladelibra-via-windows\/\">http:\/\/www.modaco.com\/topic\/339048-guide-flashing-firmware-to-bladelibra-via-windows\/<\/a><\/p>\n<p>Ahoj,<\/p>\n<p>klasick\u00fd zp\u016fsob rootu p\u0159es <strong>z4 root<\/strong> mi nefungoval, nev\u00edm sice pro\u010d, ale koupil jsem ZTE BLADE s verz\u00ed androida 2.3.4 a fakt to ne\u0161lo nabourat ani klasicky, ani p\u0159es fastboot, prost\u011b nijak, a\u017e jsem na\u0161el \u0159e\u0161en\u00ed viz. n\u00ed\u017ee. Samoz\u0159ejm\u011b nenesu odpov\u011bdnost za po\u0161kozen\u00ed Va\u0161eho telefonu, v\u0161e co d\u011bl\u00e1te je na Va\u0161e riziko.<\/p>\n<p>Pro jistotu si na marketu najd\u011bte aplikaci <strong>mr. pigfish<\/strong>, kterou zjist\u00edte jakou generaci m\u00e1te, jestli GEN1 nebo GEN2, to V\u00e1m aplikace uk\u00e1\u017ee v prv\u00edm \u0159\u00e1dku.<\/p>\n<p><strong>Flashing firmware to ZTE Blade\/Libra via windows<\/strong><\/p>\n<p>Tento n\u00e1vod je u\u017eite\u010dn\u00fd pro flashnut\u00ed firmware do v\u011bt\u0161iny GSM verz\u00ed Blade kde nen\u00ed TPT . TPT nen\u00ed schopno downgrade telefonu s tov\u00e1rn\u00edm \u00a0Gen2 firmware na Gen1 nebo upgrade tov\u00e1rn\u00edho GEN 1 na GEn3 nebo Gen2, pro tyto \u00fakoly mus\u00edte pou\u017e\u00edt tento n\u00e1vod. Pomoc\u00ed tohoto n\u00e1vodu budete schopni flashnout jak\u00fdkoliv firmware do jak\u00e9hokoliv Blade \u00a0(ale nep\u0159ehl\u00ed\u017eejte varov\u00e1n\u00ed). Toto nen\u00ed stejn\u00e9 jako flashovat romku (<a title=\"External link\" href=\"http:\/\/android.modaco.com\/index.php?showtopic=329864\" rel=\"nofollow\" target=\"_blank\">Gen1<\/a>|<a title=\"External link\" href=\"http:\/\/android.modaco.com\/index.php?showtopic=335781\" rel=\"nofollow\" target=\"_blank\">Gen2<\/a>). Pokud si nejste jist\u00ed jakou generaci m\u00e1te,<a title=\"External link\" href=\"http:\/\/android.modaco.com\/index.php?showtopic=335082\" rel=\"nofollow\" target=\"_blank\">ask Mr PigFish<\/a>. Tato metoda vy\u017eaduje PC s Windows (osobn\u011b m\u00e1m Win7 64-bit).<\/p>\n<p>Je tu jednodu\u0161\u0161\u00ed cesta &#8211; TPT!<br \/>\nPro v\u011bt\u0161inu aplikac\u00ed je mo\u017en\u00e9 flashnout firmware pomoc\u00ed TPT. TPT je nejjednodu\u0161\u0161\u00ed, nejrychlej\u0161\u00ed a bezpe\u010dn\u011bj\u0161\u00ed ne\u017e flashovat z windows a nevy\u017eaduje windows. Vyzkou\u0161ejte nejd\u0159\u00edve t\u00e9mata o TPT , potom pou\u017eijte tento n\u00e1vod, pokud V\u00e1m nepom\u016f\u017eou.<\/p>\n<ul>\n<li><a title=\"External link\" href=\"http:\/\/forum.xda-developers.com\/showthread.php?t=1258855\" rel=\"nofollow\" target=\"_blank\">Gen1 to Gen2 TPT upgrade<\/a>: TPTs to flash from Gen1 to Gen2, and from Gen2 to Gen1 if you upgraded to Gen2 with TPT. A number of different partition layouts are available, and fastboot is enabled. This is the easiest way to upgrade from Gen1 to Gen2.<\/li>\n<li><a title=\"External link\" href=\"http:\/\/android.modaco.com\/topic\/347601-gen-23-tpts\/page__gopid__1829429#entry1829429\" rel=\"nofollow\" target=\"_blank\">Gen2 TPTs<\/a>: TPTs to repartition and enable fastboot on stock Gen2 Blades.<\/li>\n<\/ul>\n<p><strong>Varov\u00e1n\u00ed<\/strong><\/p>\n<p>N\u00e1sleduj\u00edc\u00ed proces bude bezpe\u010dn\u00fd, pokud ho budete d\u011blat s opatrnost\u00ed, opatrnosti je t\u0159eba, abyste p\u0159ede\u0161li briknut\u00ed Va\u0161eho telefonu. Nem\u016f\u017eu zaru\u010dit, \u017ee to bude fungovat na v\u010dech telefonech ZTE Blade a fakt d\u00e1vejte bacha co d\u011bl\u00e1te a stahujete, proto\u017ee je tu p\u00e1r moment\u016f, kdy fakt m\u016f\u017ee doj\u00edt k bricku telefonu.<\/p>\n<ul>\n<li><strong>Nepou\u017e\u00edvejte tento n\u00e1vod pro \u010c\u00ednsk\u00e9 Blade, Russian RTK v8s, nebo CDMA Blades<\/strong>\u00a0(v880, x880, u880, n880) nejsou toti\u017e kompatibiln\u00ed s t\u011bmito firmware.<\/li>\n<li>Tento proces V\u00e1m ud\u011bla wipe intern\u00ed pam\u011bti &#8211; data, apps, ROM, etc, ale ne SD karty.<\/li>\n<li>Nandroid backups m\u016f\u017eou b\u00fdt obnoveny po flashnut\u00ed, ale jenom pokud se vejdou na nov\u00e9 partition and jestli koresponduj\u00ed se stejnou Gen(1,2,3). Pokud si nejste jist\u00ed, z\u00e1lohujte p\u0159esto sv\u00e1 data, neka\u0161lete na to.<\/li>\n<li>Nemixujte soubory z ruznych firmware balicku, proto\u017ee n\u011bkter\u00e9 kombinace V\u00e1m m\u016f\u017eou zap\u0159\u00ed\u010dinit brick telefonu.<\/li>\n<li>Nepou\u017e\u00edvejte \u017e\u00e1dn\u00e9 jin\u00e9 firmwary odjinud, pouze ty co tu jsou (e.g. jin\u00e9 TPT soubory). Pou\u017eit\u00ed jin\u00fdch soubor\u016f V\u00e1m zp\u016fsobit zmizen\u00ed nebo p\u0159eps\u00e1n\u00ed IMEI telefonu.<\/li>\n<li>Pokud se sna\u017e\u00edte odemknout v\u00edce ram na Va\u0161em 256MB Blade, Dejte pozor, \u00a0v\u0161echny evropsk\u00e9 GSM Blade co zn\u00e1m jdou odemknout, ale zrovna ten V\u00e1\u0161 t\u0159eba ne, m\u016f\u017eete taky skon\u010dit s briknut\u00fdm telefonem.<\/li>\n<\/ul>\n<p>Downloads<br \/>\nP\u0159edt\u00edm, ne\u017e za\u010dnete, st\u00e1hn\u011bte si tyto 3 soubory na kartu Va\u0161eho telefonu :<\/p>\n<ul>\n<li><a title=\"External link\" href=\"http:\/\/www.mediafire.com\/?1411a804may9b4q\" rel=\"nofollow\" target=\"_blank\">restore_stock_recovery.zip<\/a>\u00a0(md5:F7D1EA48A334E86A468A66B00A833E9A): Toto ud\u011bl\u00e1 restore stock recovery, pokud jste ho nahradili clockworkmodem (CWM). \u00a0Stock recovery je pot\u0159ebn\u00e1 pro flashovac\u00ed proces.<\/li>\n<li><a title=\"External link\" href=\"http:\/\/download1468.mediafire.com\/e9ga0nkf5btg\/4y8tn8y3gh1y2pc\/recovery-clockwork-5.0.2.0-blade-gen2-update_signed.zip\" rel=\"nofollow\" target=\"_blank\">recovery-clockwork-5.0.2.0-blade-gen2-update_signed.zip<\/a>\u00a0(md5:17fbb1b404b4d6780fb799583ba90708): tohle refleshne clockworkmod po upgrade procesu, tak\u017ee pak m\u016f\u017eete nainstalovat romku. Pokud chcete flashnout GEN 1 firmware, \u00a0mus\u00edte pou\u017e\u00edt\u00a0<a title=\"External link\" href=\"http:\/\/android.podtwo.com\/recovery\/recovery-clockwork-4.0.0.5-blade-gen1-update_signed.zip\" rel=\"nofollow\" target=\"_blank\">recovery-clockwork-4.0.0.5-blade-gen1-update_signed.zip<\/a>\u00a0(md5:3e8b9cd53c85697f8b9dd14643e896fa) . Va\u0161e sou\u010dasn\u00e1 instalace clockworkmod bude p\u0159eps\u00e1na b\u011bhem flashovac\u00edho procesu.<\/li>\n<li>Instalujte romku z clockworkmod po flashnut\u00ed firmware, tak se dostane k funk\u010dn\u00edmu telefonu. Pokud si nejste jist\u00ed, pou\u017eijte <a title=\"External link\" href=\"http:\/\/android.modaco.com\/index.php?showtopic=334849\" rel=\"nofollow\" target=\"_blank\">Swedish Spring<\/a>, proto\u017ee je kompatibiln\u00ed s Gen1 i Gen2.<\/li>\n<\/ul>\n<p>D\u00e1le st\u00e1hn\u011bte jeden z firmwarov\u00fdch bal\u00ed\u010dk\u016f n\u00ed\u017ee a extrahujte a extrahujte do adres\u00e1\u0159e ve va\u0161em pc (osobn\u011b jsem to dal na C:\/a ta slo\u017eka. <strong>Pokud chcete po\u017e\u00edvat\u00a0Gen2 ROMky, vemte ten prvn\u00ed, pokud ne, tak k tomu mus\u00edte m\u00edt n\u011bjak\u00fd dobr\u00fd d\u016fvod.<\/strong>\u00a0V\u0161echny bal\u00ed\u010dky odblokuj\u00ed skrytou RAMku.<\/p>\n<p>Firmware bal\u00ed\u010dky<\/p>\n<p><strong><a title=\"External link\" href=\"http:\/\/www.mediafire.com\/?j8fi04g09ojlt4r\" rel=\"nofollow\" target=\"_blank\">custom Gen2 160 v10<\/a>\u00a0(md5:3bba5273f14dea9c971178f8f6fa4b2d)\u00a0(Recommended)<\/strong><\/p>\n<ul>\n<li>Gen2 radio and memory layout<\/li>\n<li>Partition layout: 2MB cache, 160 MB system, 294MB data<\/li>\n<li>Fastboot enabled<\/li>\n<li>Compatible with Gen1 TPTs<\/li>\n<li>This partition layout is the most efficient for CM7 and most custom ROMs. 140MB is not quite enough for the latest releases.<\/li>\n<\/ul>\n<p><strong><a title=\"External link\" href=\"http:\/\/www.mediafire.com\/?4afv67x9gacy69b\" rel=\"nofollow\" target=\"_blank\">custom Gen2 215 v10<\/a>\u00a0(md5:dba6a95c0bc33333a6c04e87ca4b380e)<\/strong><\/p>\n<ul>\n<li>Gen2 radio and memory layout<\/li>\n<li>Partition layout: 38MB cache, 215MB system, 204MB data<\/li>\n<li>Fastboot enabled<\/li>\n<li>Compatible with Gen1 TPTs<\/li>\n<li>This partition layout is necessary for most stock ROMs and for early builds of ICS\/CM9.<\/li>\n<\/ul>\n<p><strong><a title=\"External link\" href=\"http:\/\/www.mediafire.com\/?az96nlfrhhkb3on\" rel=\"nofollow\" target=\"_blank\">custom Gen2 v7b<\/a>\u00a0(md5:4630F7165EE331FD2EBFC2679D3AAAC1)<\/strong><\/p>\n<ul>\n<li>Gen2 radio and memory layout<\/li>\n<li>Partition layout: 2MB cache, 140 MB system, 314MB data<\/li>\n<li>Fastboot enabled<\/li>\n<li>Compatible with Gen1 TPTs<\/li>\n<li>If you flash this to a Gen2 Blade with a 136MB partition layout from the old windows flasher, you will be able to restore your nandroid backup afterwards (both firmwares are Gen2 and the system and data partition are both bigger)<\/li>\n<\/ul>\n<p><strong><a title=\"External link\" href=\"http:\/\/www.mediafire.com\/?4s0x34slusxb8sv\" rel=\"nofollow\" target=\"_blank\">Stock Gen2<\/a>\u00a0(md5:85D7B01156C2E713FA927C78D2C39D53)<\/strong><\/p>\n<ul>\n<li>Gen2 radio and memory layout<\/li>\n<li>Stock Gen2 Partition layout: 37.5MB cache, 220MB system, 162.5MB data.<\/li>\n<li>Fastboot disabled<\/li>\n<li>Compatible with Gen2 TPTs (image.bin)<\/li>\n<\/ul>\n<p><strong><a title=\"External link\" href=\"http:\/\/www.mediafire.com\/download.php?y580ix7v2ofwwcx\" rel=\"nofollow\" target=\"_blank\">Stock Gen3<\/a>\u00a0(md5:3f3cc4b6b45fac19bdcbe3bd8b380445)<\/strong><\/p>\n<ul>\n<li>Gen3 radio and Gen2\/Gen3 memory layout<\/li>\n<li>Stock Gen3 Partition layout: 200MB system, 162MB Data, 57MB cache<\/li>\n<li>Fastboot probably disabled<\/li>\n<li>Compatible with Gen2 TPTs (image.bin)<\/li>\n<\/ul>\n<p><strong><a title=\"External link\" href=\"http:\/\/www.mediafire.com\/?88t1la8cq0ur5bu\" rel=\"nofollow\" target=\"_blank\">Gen2 with 136MB system<\/a>\u00a0(md5:12F238321EDA5B5CB2F4569E1FD3C08B)<\/strong><\/p>\n<ul>\n<li>Gen2 radio and memory layout<\/li>\n<li>Partition layout: 2MB cache, 136MB system, 303MB data.<\/li>\n<li>Fastboot disabled<\/li>\n<li>Compatible with Gen2 TPTs (image.bin)<\/li>\n<\/ul>\n<p><strong><a title=\"External link\" href=\"http:\/\/www.mediafire.com\/?cjptv71o02lan69\" rel=\"nofollow\" target=\"_blank\">Stock Gen1<\/a>\u00a0(md5:27917857EFA40ADCECDD1B7793263229)<\/strong><\/p>\n<ul>\n<li>Gen1 radio and memory layout<\/li>\n<li>Stock Gen1 partition Layout: 41MB cache, 207.5MB system, 208MB data<\/li>\n<li>Fastboot enabled<\/li>\n<li>Compatible with Gen1 TPTs<\/li>\n<\/ul>\n<p><strong><a title=\"External link\" href=\"http:\/\/www.mediafire.com\/?xg7ncsw6riua1zp\" rel=\"nofollow\" target=\"_blank\">Gen1 with 128MB system<\/a>\u00a0(md5:64EEE62012A78231C9F5ECD475D72C84)<\/strong><\/p>\n<ul>\n<li>Gen1 radio and memory layout<\/li>\n<li>Partition Layout: 41MB cache, 128MB system, 287.5MB data<\/li>\n<li>Fastboot enabled<\/li>\n<li>Compatible with Gen1 TPTs<\/li>\n<\/ul>\n<p>Jak flashovat?<\/p>\n<ul>\n<li>Pokud chcete pozd\u011bji obnovit data z va\u0161\u00ed sou\u010dasn\u00e9 romky, ud\u011blejte nandroid backup. Taky d\u00e1vejte pozor, proto\u017ee z\u00e1le\u017e\u00ed na jak\u00fd firmware p\u0159ejdete, proto\u017ee se V\u00e1m pak nemus\u00ed z\u00e1loha vej\u00edt na nov\u00e9 partition a nemus\u00ed b\u00fdt kompatibiln\u00ed s nov\u00fdm rozlo\u017een\u00edm pam\u011bti.<\/li>\n<li>Ujist\u011bte se, \u017ee jste si fakt ulo\u017eili ty 3 soubory na sd kartu. Spr\u00e1vnou verzi (gen1\/gen2) \u00a0clockworkmod a va\u0161e nov\u00e1 romka souhlas\u00ed s GEN kterou flashujete. Ujist\u011bte se, \u017ee je telefon dostate\u010dn\u011b nabit\u00fd(100% nejl\u00e9pe).<\/li>\n<li>Nabootujte telefon do recovery mode power+volume dol\u016f a dr\u017eet. Pokud se V\u00e1m na obrazovce objevilo FTM, jd\u011bte na dal\u0161\u00ed krok. Pokod m\u00e1te clockworkmod nebo AmonRa, flashnete restore_stock_recovery.zip a rebootujte s volume dol\u016f a dr\u017ete. Slova FTM by te\u010f m\u011bla b\u00fdt na obrazovce. Proto\u017ee jste te\u010f odstranili clockworkmod &#8211; m\u016f\u017eete ho obnovit po flashov\u00e1n\u00ed.<\/li>\n<li>P\u0159ipojte telefon pomoc\u00ed USB.<\/li>\n<li>Unzipujte obsah firmware bal\u00ed\u010dku, kter\u00fd chcete flashnout. Spus\u0165te program \u201cdownload.exe\u201d v adres\u00e1\u0159i. A\u017e se otev\u0159e okno zm\u00e1\u010dkn\u011bte start. Pokud se ned\u00e1 na start kliknout, pou\u017eijte \u201cdriverinstaller.exe\u201d pro instalaci driver\u016f a ujist\u011bte se, \u017ee je telefon p\u0159ipojen v FTM modu.<\/li>\n<li>Po\u010dkejte p\u00e1r minut, , neodpojujte telefon, po\u010dkejte si na 100% a telefon se b\u011bhem procesu restartuje, pak v\u00e1s bude okno informovat, \u017ee je proces dokon\u010den.<\/li>\n<li>Odpojte telefon, vyndejte a zandejte baterku, zapn\u011bte telefon norm\u00e1ln\u011b, rovnou nabootuje do CWM.<\/li>\n<li><strong>D\u016eLE\u017dIT\u00c9:<\/strong>\u00a0<strong>clockworkmod je nyn\u00ed nainstalov\u00e1n na boot partition. To znamen\u00e1,\u00a0\u017ee pokud nainstalujete rom, tak CWM p\u0159ep\u00ed\u0161ete<\/strong>. <strong>Doporu\u010duji flashnout romku a v n\u00ed p\u0159es rom manager flashnout clockworkmod.<\/strong><\/li>\n<li><strong>Nejlep\u0161\u00ed pro prvn\u00ed flash doporu\u010duju CYANOGENMOD www.cyanogenmod.com\u00a0<\/strong><\/li>\n<li><strong>Pokud n\u011bco nevyjde tak tady\u00a0<a href=\"http:\/\/www.modaco.com\/topic\/343587-guide-de-bricking-a-zte-blade\/\">http:\/\/www.modaco.com\/topic\/343587-guide-de-bricking-a-zte-blade\/<\/a>\u00a0to u\u017e nep\u0159ekl\u00e1d\u00e1m sorry&#8230;..<\/strong><\/li>\n<\/ul>\n<p>&nbsp;<\/p>\n<div class=\"facebook-like\"><fb:like layout=\"standard\" show_faces=\"true\" href=\"https:\/\/android.8u.cz\/?page_id=236\"><\/fb:like><\/div>","protected":false},"excerpt":{"rendered":"<p>&nbsp; http:\/\/www.modaco.com\/topic\/339048-guide-flashing-firmware-to-bladelibra-via-windows\/ Ahoj, klasick\u00fd zp\u016fsob rootu p\u0159es z4 root mi nefungoval, nev\u00edm sice pro\u010d, ale koupil jsem ZTE BLADE s verz\u00ed androida 2.3.4 a fakt to ne\u0161lo nabourat ani klasicky, ani p\u0159es fastboot, prost\u011b nijak, a\u017e jsem na\u0161el \u0159e\u0161en\u00ed viz. [&hellip;] <a class=\"more-link\" href=\"https:\/\/android.8u.cz\/?page_id=236\">&darr; Read the rest of this entry&#8230;<\/a><\/p>\n","protected":false},"author":1,"featured_media":0,"parent":0,"menu_order":0,"comment_status":"open","ping_status":"open","template":"","meta":[],"_links":{"self":[{"href":"https:\/\/android.8u.cz\/index.php?rest_route=\/wp\/v2\/pages\/236"}],"collection":[{"href":"https:\/\/android.8u.cz\/index.php?rest_route=\/wp\/v2\/pages"}],"about":[{"href":"https:\/\/android.8u.cz\/index.php?rest_route=\/wp\/v2\/types\/page"}],"author":[{"embeddable":true,"href":"https:\/\/android.8u.cz\/index.php?rest_route=\/wp\/v2\/users\/1"}],"replies":[{"embeddable":true,"href":"https:\/\/android.8u.cz\/index.php?rest_route=%2Fwp%2Fv2%2Fcomments&post=236"}],"version-history":[{"count":38,"href":"https:\/\/android.8u.cz\/index.php?rest_route=\/wp\/v2\/pages\/236\/revisions"}],"predecessor-version":[{"id":238,"href":"https:\/\/android.8u.cz\/index.php?rest_route=\/wp\/v2\/pages\/236\/revisions\/238"}],"wp:attachment":[{"href":"https:\/\/android.8u.cz\/index.php?rest_route=%2Fwp%2Fv2%2Fmedia&parent=236"}],"curies":[{"name":"wp","href":"https:\/\/api.w.org\/{rel}","templated":true}]}}