{"id":28,"date":"2012-02-14T08:09:38","date_gmt":"2012-02-14T07:09:38","guid":{"rendered":"http:\/\/android.8u.cz\/?page_id=28"},"modified":"2013-05-04T08:52:14","modified_gmt":"2013-05-04T07:52:14","slug":"htc-evo-3d","status":"publish","type":"page","link":"https:\/\/android.8u.cz\/?page_id=28","title":{"rendered":"HTC EVO 3D"},"content":{"rendered":"<h2><\/h2>\n<h2><img loading=\"lazy\" class=\"aligncenter\" alt=\"\" src=\"http:\/\/www.svetandroida.cz\/media\/2011\/03\/htc-evo-3d.jpg\" width=\"372\" height=\"248\" \/><\/h2>\n<h2><strong>HBOOT 1.49.0018, S-ON, RECOVERY, ROOT HTC EVO 3D<\/strong><\/h2>\n<p>Zm\u011bna HBOOT 1.49.0018 na HBOOT 1.49.007<\/p>\n<p>1, St\u00e1hn\u011bte <a title=\"http:\/\/www.box.com\/s\/yunh9tvjxtk95gmy2xi5\" href=\"http:\/\/www.box.com\/s\/yunh9tvjxtk95gmy2xi5\" target=\"_blank\">PG86IMG.zip<\/a> (13 soubor\u016f)<br \/>\n2, Vlo\u017ete <a title=\"http:\/\/www.box.com\/s\/yunh9tvjxtk95gmy2xi5\" href=\"http:\/\/www.box.com\/s\/yunh9tvjxtk95gmy2xi5\" target=\"_blank\">PG86IMG.zip<\/a> p\u0159es po\u010d\u00edta\u010d USB na SD kartu<br \/>\n3. Vypn\u011bte telefon<br \/>\n4. Dr\u017ete hlasitost dol\u016f a tla\u010d\u00edtko nap\u00e1jen\u00ed, abyste se dostali do hbootu.<br \/>\n5. Nechte, a\u0165 si za\u0159\u00edzen\u00ed najde zip a nechte flashnout<br \/>\n6. Nyn\u00ed si zkontrolujte verzi Hbootu<br \/>\n7. Tato ROMka (PG86IMG.zip) se d\u00e1 pou\u017e\u00ed i p\u0159i vr\u00e1cen\u00ed telefonu do p\u016fvodn\u00edho stavu<\/p>\n<p>Co tedy budeme pot\u0159ebovat:<br \/>\nPo\u010d\u00edta\u010d s Windows, nebo s Linuxem<br \/>\nFasboot ovlada\u010de pouze pro Windows u\u017eivatele (Windows users, please download and install these HTC fastboot drivers.)<br \/>\nRevolutionary tool<br \/>\nHTC EVO 3D &#8211; GSM VERZI s bootloaderem 1.49.0007 !!!! a MicroUSB kabel<br \/>\nPostup:<br \/>\nV telefonu jd\u011bte do Nastaven\u00ed &#8211; Aplikace &#8211; V\u00fdvoj &#8211; a povolte Lad\u011bn\u00ed USB<br \/>\nSt\u00e1hn\u011bte si Revolutionary tool pro Windows (Z\u0159ejm\u011b se soubor bude jmenovat revolutionary-0.4pre3.zip &#8211; nebo vy\u0161\u0161\u00ed verze)<br \/>\nSoubor si rozbalte na plochu, nebo jinam, ale v\u011bzte kam<br \/>\nWeb revolutionary.io s modr\u00fdm pol\u00ed\u010dkem BETA KEY je\u0161t\u011b nezav\u00edrejte, budete jej je\u0161t\u011b pot\u0159ebovat<br \/>\nNainstalujte Fasboot ovlada\u010de<br \/>\nP\u0159ipojte telefon MicroUSB kabelem k po\u010d\u00edta\u010di a ponechte pouze nab\u00edjet<br \/>\nPo p\u0159ipojen\u00ed se inicializuj\u00ed ovlada\u010de ve Windows<br \/>\nNyn\u00ed se vra\u0165te na web Revolutionary.io a v modr\u00e9m pol\u00ed\u010dku BETA KEY vyberte svoji platformu (tedy Windows nebo Linux z polo\u017eky Your operating system)<br \/>\nV dal\u0161\u00ed roletce Your device vyberte HTC EVO 3D GSM<br \/>\nA v posledn\u00ed roletce HBOOT version vyberte 1.49.0007<br \/>\nPolo\u017eku Serial Number nechte zat\u00edm volnou<br \/>\nNyn\u00ed spus\u0165te revolutionary.exe ze slo\u017eky, kam jste si rozbalili revolutionary-0.4pre3.zip<br \/>\nPokud jste ud\u011blali v\u0161e spr\u00e1vn\u011b, otev\u0159e se CMD (okno s p\u0159\u00edkazovou \u0159\u00e1dkou) s ur\u010dit\u00fdmi informacemi a v posledn\u00edm \u0159\u00e1dku bude napsan\u00e9 SN va\u0161eho telefonu (M\u016f\u017eete si jej ov\u011b\u0159it v telefonu. Jde o polo\u017eku v Nastaven\u00ed &#8211; Info o telefonu &#8211; Identita telefonu &#8211; Seriov\u00e9 \u010d\u00edslo za\u0159\u00edzen\u00ed)<br \/>\nZkop\u00edrujte jej a vlo\u017ete do pol\u00ed\u010dka Serial number na revolutionary.io a klikn\u011bte na Generate Key tla\u010d\u00edtko<br \/>\nV\u00fdsledn\u00fd kl\u00ed\u010d zkop\u00edrujte a vlo\u017ete zp\u011bt do CMD a potvr\u010fte Enterem<br \/>\nNyn\u00ed se telefon restartuje do fastbootu (B\u00edl\u00e1 obrazovka s \u010derven\u00fdm n\u00e1pisem FASTBOOT USB a pak se restartuje je\u0161t\u011b jednou a je\u0161t\u011b jednou)<br \/>\nV Hbootu jste m\u011bli do te\u010f:<\/p>\n<p>***LOCKED***<br \/>\nSHOOTER_U PVT SHIP S-ON RL<br \/>\nHBOOT-1.49.0007<br \/>\neMMC-boot<br \/>\nJul 12 2011,15:29:51<br \/>\nA nyn\u00ed tam budete m\u00edt:<\/p>\n<p>-Revolutionary-<br \/>\nSHOOTER_U PVT SHIP S-OFF RL<br \/>\nHBOOT-1.49.1107<br \/>\neMMC-boot<br \/>\nJul 12 2011,15:29:51<br \/>\nV CMD budete m\u00edt po\u017eadavek, zda chcete instalovat CWM Recovery. Potvr\u010fte, \u017ee ano a do telefonu se v\u00e1m flashne ClockWorkMod Recovery pro HTC EVO 3D<br \/>\nV tuto chv\u00edli m\u00e1te funk\u010dn\u00ed S-OFF a Custom Recovery. Bohu\u017eel Recovery 5.0.2.0 obsahuje nap\u00e1jec\u00ed bug, doporu\u010duju flashnout verzi 4.1.0.4, je vhodn\u00e9 to ud\u011blat te\u010f kdy\u017e m\u00e1te telefon p\u0159ipojen\u00fd p\u0159es fastboot USB, tak\u017ee<\/p>\n<p>CWM 4.0.1.4 (voliteln\u00e9)<\/p>\n<p>St\u00e1hn\u011bte si CWM :\u00a0<a title=\"http:\/\/www.box.com\/s\/4qvgg5saq6blymfk52o7\" href=\"http:\/\/www.box.com\/s\/4qvgg5saq6blymfk52o7\" target=\"_blank\">http:\/\/www.box.com\/s\/4qvgg5saq6blymfk52o7<\/a><br \/>\nNahrajte to do adb slo\u017eky s platform-tools, kde m\u00e1te fastboot<br \/>\nSpus\u0165te p\u0159\u00edkazov\u00fd \u0159\u00e1dek ve Windows<br \/>\nCd do po\u017eadovan\u00e9ho adres\u00e1\u0159e<br \/>\nV telefonu m\u00e1me st\u00e1le bootloader a na displayi fastboot USB<br \/>\nDo p\u0159\u00edkazov\u00e9ho \u0159\u00e1dku zad\u00e1me: &#8222;<strong>(DLE n\u00e1zvu img) fastboot flash recovery <a title=\"http:\/\/www.box.com\/s\/4qvgg5saq6blymfk52o7\" href=\"http:\/\/www.box.com\/s\/4qvgg5saq6blymfk52o7\" target=\"_blank\">shooteru.img<\/a><\/strong><br \/>\nPo\u010dk\u00e1me a m\u016f\u017eeme pokra\u010dovat<br \/>\nTe\u010f se budeme zab\u00fdvat ROOTov\u00e1n\u00edm. S t\u00edm mo\u017en\u00e1 za\u017eijete probl\u00e9my, ale pokud jste to do\u010detli a\u017e sem, tam mo\u017en\u00e1 \u017e\u00e1dn\u00e9 nebudou<br \/>\nNa dokumenta\u010dn\u00edm webu revolutionary.io je v polo\u017ece Common Problems &amp; Questions jedna polo\u017eka, kter\u00e1 n\u00e1s bude (nebude) zaj\u00edmat:<\/p>\n<p>Ve f\u00f3ru XDA Developers najdete soubor <a title=\"http:\/\/www.box.com\/s\/jqpjdtijyv5k1cqdqv6n\" href=\"http:\/\/www.box.com\/s\/jqpjdtijyv5k1cqdqv6n\" target=\"_blank\">kamma-root_cwm.zip<\/a> (obsahuje SuperUser aplikaci a BusyBox a sqlite3 &#8211; podprogramy d\u016fle\u017eit\u00e9 pro b\u011bh nap\u0159\u00edklad Titanium Backup, \u010di ROOT Explorer)<br \/>\nNahrajte jej na SD kartu p\u0159\u00edmo do ko\u0159enov\u00e9ho adres\u00e1\u0159e<br \/>\nNyn\u00ed vypn\u011bte telefon, ale p\u0159edt\u00edm si v Nastaven\u00ed &#8211; Nap\u00e1jen\u00ed &#8211; vypn\u011bte polo\u017eku &#8222;Rychl\u00e9 spu\u0161t\u011bn\u00ed&#8220; &#8211; jinak telefon nelze nijak vypnout. V\u017edy bude po vypnut\u00ed v tak zvan\u00e9m sp\u00e1nkov\u00e9m re\u017eimu a bylo by nutn\u00e9 vyndat baterii pro naprost\u00e9 vypnut\u00ed &#8211; pokud nen\u00ed telefon pln\u011b vypnut, nelze se dostat do Bootloaderu.<br \/>\nA\u017e se telefon vypne, spus\u0165te jej se stisknutou kl\u00e1vesou Hlasitost dol\u016f (jist\u011b tuto praktiku zn\u00e1te &#8211; proto \u010dasto u HTC telefon\u016f odch\u00e1zej\u00ed kl\u00e1vesy hlasitosti dol\u016f )<br \/>\nTelefon nab\u011bhne do Bootloaderu a z n\u00e1sledn\u00e9ho menu vyberte pohybem kl\u00e1ves hlasitosti nahoru nebo dol\u016f polo\u017eku Recovery<br \/>\nT\u00edmto spust\u00edte nov\u011b flashnutou CWM Recovery a budete moci flashovat zip soubory z karty<br \/>\nI zde, v CWM Recovery se m\u016f\u017eete pohybovat pomoc\u00ed kl\u00e1ves hlasitosti a potvrzuje se tla\u010d\u00edtkem nap\u00e1jen\u00ed na vrchn\u00ed stran\u011b telefonu<br \/>\nVyberte tedy polo\u017eku Install zip form sdcard a potom hned prvn\u00ed polo\u017eku Choose zip from sdcard<br \/>\nNyn\u00ed se nach\u00e1z\u00edte na sv\u00e9 SD kart\u011b, kde m\u00e1te dle p\u0159edchoz\u00edch bod\u016f ulo\u017een soubor <a title=\"http:\/\/www.box.com\/s\/jqpjdtijyv5k1cqdqv6n\" href=\"http:\/\/www.box.com\/s\/jqpjdtijyv5k1cqdqv6n\" target=\"_blank\">kamma-root_cwm.zip<\/a> &#8211; vyberte jej a potvr\u010fte<br \/>\nPo instalaci restartujte z CWM telefon a m\u00e1te plnohodnotn\u00fd ROOT a mezi programy m\u00e1te polo\u017eku SuperUser<br \/>\nAby jste si mohli vyzkou\u0161et, zda ROOT opravdu funguje, st\u00e1hn\u011bte si z Android Marketu Terminal emulator a napi\u0161te a potvr\u010fte v n\u011bm p\u0159\u00edkaz SU<br \/>\nPokud dostanete dotaz na SuperUser opr\u00e1vn\u011bn\u00ed, ROOT je nainstalov\u00e1n dob\u0159e<\/p>\n<p>P\u0159ed ka\u017ed\u00fdm flashnut\u00edm nov\u00e9 ROM je vhodn\u00e9 v Recovery:<\/p>\n<p>1, Superwipe <a title=\"http:\/\/www.box.com\/s\/onk5do5jxtyqh726u9tj\" href=\"http:\/\/www.box.com\/s\/onk5do5jxtyqh726u9tj\" target=\"_blank\">http:\/\/www.box.com\/s\/onk5do5jxtyqh726u9tj<\/a>\u00a0nebo Full wipe &#8211; m\u011bjte z\u00e1lohu, sma\u017ee se v\u0161e v telefonu<br \/>\n&#8211; pokud nechcete d\u00e1t full wipe, tak alespo\u0148 Wipe cache + Wipe Dalvik cache<br \/>\n2, flashn\u011bte novou ROM<br \/>\n3, flashn\u011bte nov\u00fd kernel &#8211; voliteln\u00fd, pokud chcete jin\u00fd<\/p>\n<p>P\u0159i flashov\u00e1n\u00ed nov\u00e9ho kernelu nen\u00ed wpe vy\u017eadov\u00e1n, ale j\u00e1 osobn\u011b ho doporu\u010duju &#8211; minim\u00e1ln\u011b wipe cache a dalvik cache p\u0159ed i po.. pokud flashujete hned po ROMce, nen\u00ed to nutn\u00e9<\/p>\n<p>P\u0159eji hodn\u011b \u0161t\u011bst\u00ed a m\u00e1lo cihel(to znamen\u00e1, \u017ee v\u0161e d\u011bl\u00e1te na vlatn\u00ed nebezpe\u010d\u00ed)<\/p>\n<p><strong>Autorem p\u016fvodn\u00edho n\u00e1vodu byl Lubo\u0161 Klicpouch. P\u016fvodn\u00ed n\u00e1vod jsem p\u0159epsal a aktualizoval o nov\u00e9 poznatky.<\/strong><\/p>\n<p><strong>\u010dl\u00e1nek byl p\u0159evzat\u00a0<a href=\"http:\/\/smartmania.mobilmania.cz\/forum\/viewtopic.php?f=175&amp;t=25700\">http:\/\/smartmania.mobilmania.cz\/forum\/viewtopic.php?f=175&amp;t=25700<\/a><\/strong><\/p>\n<h2>UNROOT<\/h2>\n<p>Vemete soubor\u00a0<a title=\"http:\/\/www.box.com\/s\/yunh9tvjxtk95gmy2xi5\" href=\"http:\/\/www.box.com\/s\/yunh9tvjxtk95gmy2xi5\" target=\"_blank\">PG86IMG.zip<\/a>\u00a0a ud\u011bl\u00e1te to sam\u00e9 jako na za\u010d\u00e1tku, a\u017e to prob\u011bhne, nech\u00e1te EVO v bootloaderu a nap\u00ed\u0161ete v cmd<\/p>\n<p><strong>fastboot oem writesecureflag 3<\/strong><\/p>\n<p>&nbsp;<\/p>\n<div class=\"facebook-like\"><fb:like layout=\"standard\" show_faces=\"true\" href=\"https:\/\/android.8u.cz\/?page_id=28\"><\/fb:like><\/div>","protected":false},"excerpt":{"rendered":"<p>HBOOT 1.49.0018, S-ON, RECOVERY, ROOT HTC EVO 3D Zm\u011bna HBOOT 1.49.0018 na HBOOT 1.49.007 1, St\u00e1hn\u011bte PG86IMG.zip (13 soubor\u016f) 2, Vlo\u017ete PG86IMG.zip p\u0159es po\u010d\u00edta\u010d USB na SD kartu 3. Vypn\u011bte telefon 4. Dr\u017ete hlasitost dol\u016f a tla\u010d\u00edtko nap\u00e1jen\u00ed, abyste se [&hellip;] <a class=\"more-link\" href=\"https:\/\/android.8u.cz\/?page_id=28\">&darr; Read the rest of this entry&#8230;<\/a><\/p>\n","protected":false},"author":1,"featured_media":0,"parent":0,"menu_order":0,"comment_status":"open","ping_status":"open","template":"","meta":[],"_links":{"self":[{"href":"https:\/\/android.8u.cz\/index.php?rest_route=\/wp\/v2\/pages\/28"}],"collection":[{"href":"https:\/\/android.8u.cz\/index.php?rest_route=\/wp\/v2\/pages"}],"about":[{"href":"https:\/\/android.8u.cz\/index.php?rest_route=\/wp\/v2\/types\/page"}],"author":[{"embeddable":true,"href":"https:\/\/android.8u.cz\/index.php?rest_route=\/wp\/v2\/users\/1"}],"replies":[{"embeddable":true,"href":"https:\/\/android.8u.cz\/index.php?rest_route=%2Fwp%2Fv2%2Fcomments&post=28"}],"version-history":[{"count":15,"href":"https:\/\/android.8u.cz\/index.php?rest_route=\/wp\/v2\/pages\/28\/revisions"}],"predecessor-version":[{"id":615,"href":"https:\/\/android.8u.cz\/index.php?rest_route=\/wp\/v2\/pages\/28\/revisions\/615"}],"wp:attachment":[{"href":"https:\/\/android.8u.cz\/index.php?rest_route=%2Fwp%2Fv2%2Fmedia&parent=28"}],"curies":[{"name":"wp","href":"https:\/\/api.w.org\/{rel}","templated":true}]}}