{"id":296,"date":"2012-08-14T10:25:04","date_gmt":"2012-08-14T09:25:04","guid":{"rendered":"http:\/\/android.8u.cz\/?page_id=296"},"modified":"2012-08-27T06:42:18","modified_gmt":"2012-08-27T05:42:18","slug":"galaxy-s-i9000","status":"publish","type":"page","link":"https:\/\/android.8u.cz\/?page_id=296","title":{"rendered":"Samsung Galaxy S i9000"},"content":{"rendered":"<p style=\"text-align: center;\">\u00a0<img loading=\"lazy\" class=\"aligncenter\" title=\"http:\/\/www.theandroidsoul.com\/wp-content\/uploads\/2012\/02\/samsung-galaxy-s.jpg?9d7bd4\" src=\"http:\/\/www.theandroidsoul.com\/wp-content\/uploads\/2012\/02\/samsung-galaxy-s.jpg?9d7bd4\" alt=\"\" width=\"216\" height=\"216\" \/><\/p>\n<p><strong>P\u0159edem \u0159\u00edk\u00e1m, \u017ee v\u0161e co d\u011bl\u00e1te, d\u011bl\u00e1te Vy, tak\u017ee na vlastn\u00ed tri\u010dko d\u00e1my a p\u00e1nov\u00e9.<\/strong><\/p>\n<p>Root tak n\u011bjak p\u0159esko\u010d\u00edm, proto\u017ee jsou r\u016fzn\u00e9 zp\u016fsoby pro ka\u017edou verzi androida. M\u011b jde hlavn\u011b o testov\u00e1n\u00ed ROMEK, proto\u017ee pokud m\u00e1te pouze ROOT, p\u0159ich\u00e1z\u00edte o kr\u00e1sy syst\u00e9m\u016f, kter\u00e9 jsou i z lep\u0161\u00edch telefon\u016f (SGS2, SGN, NS).<\/p>\n<p>Tak\u017ee p\u0159esk\u00e1\u010deme p\u0159edkrm i hlavn\u00ed j\u00eddlo a jdeme rovnou na z\u00e1kusek.<\/p>\n<p>V prvn\u00ed \u0159ad\u011b koukn\u011bte, \u017ee m\u00e1te v telefonu posledn\u00ed verzi pro \u010desko, je jedno odkud je telefon, proto\u017ee i ze slovensk\u00e9ho(v m\u00e9m p\u0159\u00edpad\u011b) ud\u011bl\u00e1me \u010decha snadno a rychle.<\/p>\n<p>P\u0159es odin flashneme\u00a0<a title=\"ROM ORIGO\" href=\"http:\/\/www.hotfile.com\/dl\/153265707\/673b7b1\/I9000XWJW5_I9000OXXJVC_XEZ.zip.html\" target=\"_blank\">I9000XWJW5_I9000OXXJVC_XEZ.zip<\/a> (jen to co je v zipu s koncovkou .tar) , soubor vlo\u017e\u00edme do kolonky PDA a d\u00e1me start, to je takov\u00e9 to tla\u010d\u00edtko s n\u00e1pisem <strong>START<\/strong>, p\u0159i\u010dem\u017e je telefon p\u0159ed zapo\u010det\u00edm v download modu, do n\u011bj se dostaneme pomoc\u00ed\u00a0volume m\u00ednus \/home \/ power.<\/p>\n<p>Nechte nabootovat, nic nenastavujte a zadejte\u00a0*#272*sv\u016fj IMEI# (najdete ho na krabici nebo pod bateri\u00ed), XEZ (\u010desko) a dejte install.<\/p>\n<p>Po najet\u00ed romky si nic nenastavujte a vypn\u011bte p\u0159\u00edstroj. Trojhmatem se dosta\u0148te do Recovery modu (volume+,home,power \u2013 a dr\u017ete do t\u00e9 doby a\u017e V\u00e1m najedou n\u011bjak\u00e9 \u0159\u00e1dky). Pomoc\u00ed tla\u010d\u00edtek hlasitosti vyberte wipe data\/faktory reset a potvr\u010fte st\u0159edov\u00fdm tla\u010d\u00edtkem home.<\/p>\n<p>To sam\u00e9 prove\u010f i u polo\u017eky wipe cache pak prove\u010f reboot (restart).<\/p>\n<p>Te\u010f m\u00e1me \u010desk\u00e9ho fe\u0161\u00e1ka, i kdyby to byl t\u0159eba \u0161v\u00e9d.<\/p>\n<p>Jeliko\u017e chceme rovnou flashovat romky (mimo jin\u00e9, SGS m\u00e1 lep\u0161\u00ed zvuk ne\u017e dvojka :o) ), ok jedeme d\u00e1l.<\/p>\n<p>Uloup\u00edme soubor\u00a0<a title=\"ROOT\" href=\"http:\/\/download.chainfire.eu\/132\/CF-Root\/SGS\/CF-Root-XX_OXA_JVU_2.3.6-v4.3-CWM3RFS.zip?retrieve_file=1\" target=\"_blank\">CF-Root-XX_OXA_JVU_2.3.6-v4.3-CWM3RFS.zip<\/a>\u00a0, ani n\u00e9 tak proto, \u017ee m\u00e1 v n\u00e1zvu root, ale d\u00edky cwm, co\u017e je ClockWorkMod recovery, d\u00edky kter\u00e9 si rovnou flashneme romku, kterou st\u00e1hneme t\u0159eba <a title=\"Romka\" href=\"https:\/\/skydrive.live.com\/?cid=01e051d9053d3c93&amp;resid=1E051D9053D3C93!266&amp;id=1E051D9053D3C93%21266\" target=\"_blank\">zde<\/a>, jedn\u00e1 se o Android 4.1.1 Jelly Bean p\u0159\u00edmo z nexuse, tak\u017ee to je v\u0161e.<\/p>\n<p>N\u011bkdo by mohl nam\u00edtnout, \u017ee je to moc jednoduch\u00e9. No osobn\u011b si mysl\u00edm, \u017ee to zvl\u00e1dne p\u011btilet\u00e9 \u0161t\u011bn\u011b s packou v zadku.<\/p>\n<p>Pokud budete cht\u00edt vr\u00e1tit telefon do tov\u00e1rka(tov\u00e1rn\u00edho stavu), sta\u010d\u00ed se vr\u00e1tit ke kroku s flashov\u00e1n\u00edm \u010desk\u00e9ho firmwaru, kde je ale doporu\u010deno p\u0159ej\u00edt do download modu pomoc\u00ed JIGu, co\u017e je takov\u00e9 micro usb n\u011bco, ale vyma\u017ee to po\u010d\u00edtadlo flash\u016f, sice jsem ho je\u0161t\u011b u SGS nevid\u011bl, ale servis ur\u010dit\u011b v\u00ed, kde ho naj\u00edt.<\/p>\n<p>&nbsp;<\/p>\n<p>POKUD mate brick s textem\u00a0E: Can&#8217;t mount \/dev\/block\/stl10<\/p>\n<p>flashnete pres odin, dejte do PDA.<\/p>\n<p>download:\u00a0<a title=\"http:\/\/forum.xda-developers.com\/attachment.php?attachmentid=536163&amp;d=1299530452\" href=\"http:\/\/forum.xda-developers.com\/attachment.php?attachmentid=536163&amp;d=1299530452\" target=\"_blank\">http:\/\/forum.xda-developers.com\/attachment.php?attachmentid=536163&amp;d=1299530452<\/a><\/p>\n<p>source:\u00a0<a href=\"http:\/\/forum.xda-developers.com\/showthread.php?t=984140\">http:\/\/forum.xda-developers.com\/showthread.php?t=984140<\/a><\/p>\n<p>Pokud chcete root :<\/p>\n<ul>\n<li>Vezmeme tuto romku<a title=\"https:\/\/hotfile.com\/dl\/150485366\/0965a08\/GT-I9000_XEU_I9000XXJW4_I9000OXAJW4_I9000XXJW4.zip.html\" href=\"https:\/\/hotfile.com\/dl\/150485366\/0965a08\/GT-I9000_XEU_I9000XXJW4_I9000OXAJW4_I9000XXJW4.zip.html\" target=\"_blank\">\u00a0JW4<\/a><\/li>\n<li>CF-ROOT pro\u00a0<a title=\"http:\/\/download.chainfire.eu\/155\/CF-Root\/SGS\/CF-Root-XX_OXA_JW4-v4.4-CWM3RFS.zip\" href=\"http:\/\/download.chainfire.eu\/155\/CF-Root\/SGS\/CF-Root-XX_OXA_JW4-v4.4-CWM3RFS.zip\" target=\"_blank\">JW4<\/a><\/li>\n<\/ul>\n<p>Romku flashneme p\u0159es odin, pak d\u00e1me wipe (ob\u011b) , pak znovu p\u0159es odin nafleshujte cf-root a m\u00e1te android 2.3.6 s rootem.<\/p>\n<div class=\"facebook-like\"><fb:like layout=\"standard\" show_faces=\"true\" href=\"https:\/\/android.8u.cz\/?page_id=296\"><\/fb:like><\/div>","protected":false},"excerpt":{"rendered":"<p>\u00a0 P\u0159edem \u0159\u00edk\u00e1m, \u017ee v\u0161e co d\u011bl\u00e1te, d\u011bl\u00e1te Vy, tak\u017ee na vlastn\u00ed tri\u010dko d\u00e1my a p\u00e1nov\u00e9. Root tak n\u011bjak p\u0159esko\u010d\u00edm, proto\u017ee jsou r\u016fzn\u00e9 zp\u016fsoby pro ka\u017edou verzi androida. M\u011b jde hlavn\u011b o testov\u00e1n\u00ed ROMEK, proto\u017ee pokud m\u00e1te pouze ROOT, p\u0159ich\u00e1z\u00edte [&hellip;] <a class=\"more-link\" href=\"https:\/\/android.8u.cz\/?page_id=296\">&darr; Read the rest of this entry&#8230;<\/a><\/p>\n","protected":false},"author":1,"featured_media":0,"parent":0,"menu_order":0,"comment_status":"open","ping_status":"open","template":"","meta":[],"_links":{"self":[{"href":"https:\/\/android.8u.cz\/index.php?rest_route=\/wp\/v2\/pages\/296"}],"collection":[{"href":"https:\/\/android.8u.cz\/index.php?rest_route=\/wp\/v2\/pages"}],"about":[{"href":"https:\/\/android.8u.cz\/index.php?rest_route=\/wp\/v2\/types\/page"}],"author":[{"embeddable":true,"href":"https:\/\/android.8u.cz\/index.php?rest_route=\/wp\/v2\/users\/1"}],"replies":[{"embeddable":true,"href":"https:\/\/android.8u.cz\/index.php?rest_route=%2Fwp%2Fv2%2Fcomments&post=296"}],"version-history":[{"count":18,"href":"https:\/\/android.8u.cz\/index.php?rest_route=\/wp\/v2\/pages\/296\/revisions"}],"predecessor-version":[{"id":298,"href":"https:\/\/android.8u.cz\/index.php?rest_route=\/wp\/v2\/pages\/296\/revisions\/298"}],"wp:attachment":[{"href":"https:\/\/android.8u.cz\/index.php?rest_route=%2Fwp%2Fv2%2Fmedia&parent=296"}],"curies":[{"name":"wp","href":"https:\/\/api.w.org\/{rel}","templated":true}]}}