{"id":466,"date":"2012-11-24T21:18:10","date_gmt":"2012-11-24T20:18:10","guid":{"rendered":"http:\/\/android.8u.cz\/?page_id=466"},"modified":"2016-05-24T18:33:37","modified_gmt":"2016-05-24T17:33:37","slug":"samsung-galaxy-s3-i9300","status":"publish","type":"page","link":"https:\/\/android.8u.cz\/?page_id=466","title":{"rendered":"Samsung Galaxy S3 i9300"},"content":{"rendered":"<p style=\"text-align: center;\"><img loading=\"lazy\" class=\"aligncenter\" title=\"http:\/\/www.techspot.com\/images\/products\/smartphones\/org\/2012-06-18-product-4.png\" src=\"http:\/\/www.techspot.com\/images\/products\/smartphones\/org\/2012-06-18-product-4.png\" alt=\"\" width=\"305\" height=\"348\" \/><\/p>\n<p style=\"text-align: left;\"><strong>ROOT<\/strong><\/p>\n<p style=\"text-align: left;\">Root provedete nahr\u00e1n\u00edm SIYAH KERNELU p\u0159es odin.<\/p>\n<p style=\"text-align: left;\">KERNEL : <a href=\"http:\/\/www.gokhanmoral.com\/\" target=\"_blank\">http:\/\/www.gokhanmoral.com\/<\/a><\/p>\n<p style=\"text-align: left;\">Odin:\u00a0<a title=\"http:\/\/forum.xda-developers.com\/attachment.php?attachmentid=1168421&amp;d=1341114315\" href=\"http:\/\/forum.xda-developers.com\/attachment.php?attachmentid=1168421&amp;d=1341114315\" target=\"_blank\">http:\/\/forum.xda-developers.com\/attachment.php?attachmentid=1168421&amp;d=1341114315<\/a><\/p>\n<p style=\"text-align: left;\"><strong>DUAL BOOT<\/strong><\/p>\n<p style=\"text-align: left;\">Jeliko\u017e u\u017e m\u00e1te siyah kernel, va\u0161e romka te\u010f obsahuje program Stweaks, tak\u017ee j\u00ed otev\u0159ete a povolte root pr\u00e1va.<\/p>\n<p style=\"text-align: left;\">Zaje\u010fte na dual boot, a dejte reboot do 2nd rom utils.<\/p>\n<p style=\"text-align: left;\">Spust\u00ed se recovery, kde najedete na dual boot options a d\u00e1te clone 1st rom to 2nd rom.<\/p>\n<p style=\"text-align: left;\">pak d\u00e1te wipe 2nd rom<\/p>\n<p style=\"text-align: left;\">po flashnut\u00ed romky dejte fix permissions<\/p>\n<p style=\"text-align: left;\">Do druh\u00e9 romky d\u00e1vejte pouze AOSP nebo AOKP syst\u00e9m, kv\u016fli kernelu.<\/p>\n<p style=\"text-align: left;\">Ujist\u011bte se, \u017ee m\u00e1te baterku alespon na 90% a 2gb na intern\u00ed pam\u011bti.<\/p>\n<p style=\"text-align: left;\">a to je prozat\u00edm v\u0161e.<\/p>\n<p style=\"text-align: left;\"><strong>Odstran\u011bn\u00ed \u010derven\u00e9ho vyk\u0159i\u010dn\u00edku<\/strong><\/p>\n<p style=\"text-align: center;\"><img loading=\"lazy\" class=\"aligncenter\" title=\"http:\/\/i50.tinypic.com\/j96hpv.jpg\" src=\"http:\/\/i50.tinypic.com\/j96hpv.jpg\" alt=\"\" width=\"155\" height=\"208\" \/><\/p>\n<p style=\"text-align: left;\">Source:<a title=\"http:\/\/forum.xda-developers.com\/showthread.php?t=1918667\" href=\"http:\/\/forum.xda-developers.com\/showthread.php?t=1918667\" target=\"_blank\">\u00a0http:\/\/forum.xda-developers.com\/showthread.php?t=1918667<\/a><\/p>\n<p style=\"text-align: left;\">1- Reset p\u0159es Triangle Away<br \/>\n2- Vypn\u011bte telefon a jd\u011bte do download modu.<br \/>\n3- Flashn\u011bte p\u0159es Odin stock firmware, kter\u00fd chcete.<br \/>\nPo t\u00e9to m\u011btod\u011b je flash po\u010d\u00edtadlo 0. Pokud si d\u00e1te jinou romku, nebo jin\u00fd kernel, vyk\u0159i\u010dn\u00edk se vr\u00e1t\u00ed a po\u010d\u00edtadlo flash\u016f se op\u011bt zv\u00fd\u0161\u00ed na 1.<\/p>\n<p style=\"text-align: left;\">UNROOT<\/p>\n<p style=\"text-align: left;\">http:\/\/forum.xda-developers.com\/showthread.php?t=1710613<\/p>\n<p style=\"text-align: left;\">Hi All,<\/p>\n<p>I put together a tutorial on how to unroot the galaxy s3 and get it back to stock (for warranty or to get stock updates)<\/p>\n<p>Things you will need&#8230;<\/p>\n<p>1. PC Odin<br \/>\n(Check Attachment)<\/p>\n<p>2. Your Firmware<br \/>\nSammobile.com<\/p>\n<p><b>\u00a0<\/b><\/p>\n<p><b>Written Instructions\u00a0<\/b><\/p>\n<p>1. Backup what you need to<\/p>\n<p>2. Install ADB Drivers (Samsung Kies)<\/p>\n<p>3. Put your phone in download mode &#8211; Hold Vol Dn + Power + Home for 10 seconds then press Vol Up to continue<\/p>\n<p>4. Check if Custom Binary Download is NO, if Yes then proceed to step 6 if it says 1 count or something like that then go to step 5<\/p>\n<p>5. Follow the thread below to reset the binary counter (or check my video tutorial to do so&#8230;) once reset get back to download mode<br \/>\n<a href=\"http:\/\/forum.xda-developers.com\/showthread.php?t=1494114\" target=\"_blank\" rel=\"nofollow\">http:\/\/forum.xda-developers.com\/show&#8230;.php?t=1494114<\/a><br \/>\n(Thanks to Chainfire)<\/p>\n<p>6. Go to SamMobile.com and download the latest firmware for GT-I9300 (Galaxy S3)<br \/>\n<a href=\"http:\/\/www.sammobile.com\/firmware\/?page=3&amp;t=1&amp;o=1&amp;m=GT-I9300&amp;r=-1#modelsa\" target=\"_blank\" rel=\"nofollow\">http:\/\/www.sammobile.com\/firmware\/?p&#8230;0&amp;r=-1#modelsa<\/a><\/p>\n<p>7. The downloaded firmware would be a zip file right click and extract it to get a .tar.md5 file<\/p>\n<p>8. Connect the phone to the pc via usb cable<\/p>\n<p>9. Run Extract the zip file that you downloaded from the attachment below and run Odin3 1.85. exe<\/p>\n<p>10. Make sure that only Auto Reboot and F.Reset Time are checked and click on PDA, select the .tar.md5 file that we just extracted<\/p>\n<p>11. Now hit Start<\/p>\n<p>12. Once the phone is up go to Settings -&gt; About Device -&gt; Status, check if the device status says NORMAL&#8230; if it does, then the device is unrooted if it still says MODIFIED continue&#8230;<\/p>\n<p>13. Reboot into Android Recovery by holding Vol UP + Home + Power till you see Samsung Galaxy S3 displayed on screen&#8230;<\/p>\n<p>14. Do a factory wipe and wipe cache then reboot<\/p>\n<p>15. The phone will be rebooted and can be sent in for warranty<\/p>\n<p>Hope this guide helps someone\u00a0<img title=\"Smile\" src=\"http:\/\/forum.xda-developers.com\/images\/smilies\/smile.gif\" alt=\"\" border=\"0\" \/><\/p>\n<div class=\"facebook-like\"><fb:like layout=\"standard\" show_faces=\"true\" href=\"https:\/\/android.8u.cz\/?page_id=466\"><\/fb:like><\/div>","protected":false},"excerpt":{"rendered":"<p>ROOT Root provedete nahr\u00e1n\u00edm SIYAH KERNELU p\u0159es odin. KERNEL : http:\/\/www.gokhanmoral.com\/ Odin:\u00a0http:\/\/forum.xda-developers.com\/attachment.php?attachmentid=1168421&amp;d=1341114315 DUAL BOOT Jeliko\u017e u\u017e m\u00e1te siyah kernel, va\u0161e romka te\u010f obsahuje program Stweaks, tak\u017ee j\u00ed otev\u0159ete a povolte root pr\u00e1va. Zaje\u010fte na dual boot, a dejte reboot do [&hellip;] <a class=\"more-link\" href=\"https:\/\/android.8u.cz\/?page_id=466\">&darr; Read the rest of this entry&#8230;<\/a><\/p>\n","protected":false},"author":1,"featured_media":0,"parent":0,"menu_order":0,"comment_status":"open","ping_status":"open","template":"","meta":[],"_links":{"self":[{"href":"https:\/\/android.8u.cz\/index.php?rest_route=\/wp\/v2\/pages\/466"}],"collection":[{"href":"https:\/\/android.8u.cz\/index.php?rest_route=\/wp\/v2\/pages"}],"about":[{"href":"https:\/\/android.8u.cz\/index.php?rest_route=\/wp\/v2\/types\/page"}],"author":[{"embeddable":true,"href":"https:\/\/android.8u.cz\/index.php?rest_route=\/wp\/v2\/users\/1"}],"replies":[{"embeddable":true,"href":"https:\/\/android.8u.cz\/index.php?rest_route=%2Fwp%2Fv2%2Fcomments&post=466"}],"version-history":[{"count":20,"href":"https:\/\/android.8u.cz\/index.php?rest_route=\/wp\/v2\/pages\/466\/revisions"}],"predecessor-version":[{"id":821,"href":"https:\/\/android.8u.cz\/index.php?rest_route=\/wp\/v2\/pages\/466\/revisions\/821"}],"wp:attachment":[{"href":"https:\/\/android.8u.cz\/index.php?rest_route=%2Fwp%2Fv2%2Fmedia&parent=466"}],"curies":[{"name":"wp","href":"https:\/\/api.w.org\/{rel}","templated":true}]}}