{"id":530,"date":"2012-12-30T12:21:52","date_gmt":"2012-12-30T11:21:52","guid":{"rendered":"http:\/\/android.8u.cz\/?page_id=530"},"modified":"2013-01-03T18:23:00","modified_gmt":"2013-01-03T17:23:00","slug":"samsung-galaxy-w-i8150","status":"publish","type":"page","link":"https:\/\/android.8u.cz\/?page_id=530","title":{"rendered":"Samsung Galaxy W i8150"},"content":{"rendered":"<h3><img loading=\"lazy\" class=\"aligncenter\" alt=\"\" src=\"http:\/\/cdn0.soyacincau.com\/wp-content\/uploads\/2011\/10\/111026-samsung-galaxy-w-malaysia.jpg\" width=\"348\" height=\"325\" \/><\/h3>\n<address>Source:\u00a0<a title=\"http:\/\/forum.xda-developers.com\/showthread.php?t=1317394\" href=\"http:\/\/forum.xda-developers.com\/showthread.php?t=1317394\" target=\"_blank\">http:\/\/forum.xda-developers.com\/showthread.php?t=1317394<\/a><\/address>\n<address><b>Pro z\u00e1znam, rooting je v rozporu s u\u017e\u00edv\u00e1n\u00edm telefonu, v\u0161e d\u011bl\u00e1te na vlastn\u00ed nebezpe\u010d\u00ed.<\/b><\/address>\n<address><i>Ujist\u011bte se, \u017ee m\u00e1te nainstalov\u00e1ny v\u0161echny ovlada\u010de pro telefon.<\/i><\/address>\n<address>\u00a0<\/address>\n<h1><b>Rooting<\/b><\/h1>\n<address><b>Recovery mode(SD card)<\/b><\/address>\n<p><i>Tento zp\u016fsob je pro telefony, kter\u00e9 jste pr\u00e1v\u011b vybalili, \u010dili v nich nebyl nikdy proveden podobn\u00fd z\u00e1sah a obsahuj\u00ed stock firmware a recovery.<\/i><\/p>\n<address><strong>1. Download <a href=\"http:\/\/dl.dropbox.com\/u\/47601401\/update.zip\" target=\"_blank\" rel=\"nofollow\">Zip-file<\/a>\u00a0a nakop\u00edrujte do vnit\u0159n\u00ed pam\u011bti.<\/strong><\/address>\n<address><strong>2. Pomoc\u00ed trojhmatu se dostaneme do recovery. Kdy\u017e u\u017e telefon zobraz\u00ed logo, pus\u0165te power.<\/strong><\/address>\n<p><img class=\"aligncenter\" alt=\"\" src=\"http:\/\/i155.photobucket.com\/albums\/s300\/THEE1234567890\/Samsung%20Galaxy%20W%20I8150\/Recovery1.jpg\" border=\"0\" \/><br \/>\njakmile uvid\u00edte zelen\u00e9ho androida, pus\u0165te v\u0161echny tla\u010d\u00edtka.<br \/>\n<img class=\"aligncenter\" alt=\"\" src=\"http:\/\/i155.photobucket.com\/albums\/s300\/THEE1234567890\/Samsung%20Galaxy%20W%20I8150\/Recovery2.jpg\" border=\"0\" \/><br \/>\nPak zm\u00e1\u010dkn\u011bte menu tla\u010d\u00edtko, obrazovka z\u0161edne a mus\u00edte po\u010dkat a\u017e se nahraje recovery.<\/p>\n<address style=\"text-align: left;\"><strong>3. Pomoc\u00ed tla\u010d\u00edtek volume se p\u0159esu\u0148te na\u00a0apply sdcard:update.zip\u00a0v Recovery Menu. Pro potvrzen\u00ed tla\u010d\u00edtko Home.<\/strong><\/address>\n<address style=\"text-align: left;\"><strong>4.\u00a0Pomoc\u00ed tla\u010d\u00edtek volume\u00a0vyberte\u00a0update.zip\u00a0na sd kart\u011b a potvrdit tla\u010d\u00edtkem Home. Pak vy\u010dkejte.<\/strong><\/address>\n<address style=\"text-align: left;\"><strong>5. Nyn\u00ed vyberte\u00a0reboot system now\u00a0a potvrdit Home.<\/strong><\/address>\n<p>A m\u00e1te root.<\/p>\n<h3><b>\u00a0<\/b><\/h3>\n<h1><span style=\"text-decoration: underline;\"><b>Unrooting<\/b><\/span><\/h1>\n<p><b>Unrooting Recovery mode(SD card)<\/b><br \/>\n<b>D\u016fle\u017eit\u00e9: Pou\u017e\u00edvejte tuto metodu, pouze pokud jste rootovali touto metodou\u00a0Recovery mode\u00a0!!!<\/b><\/p>\n<address>\u00a0<\/address>\n<address><strong>1. Download\u00a0<a title=\"http:\/\/dl.dropbox.com\/u\/47601401\/unroot.zip\" href=\"http:\/\/dl.dropbox.com\/u\/47601401\/unroot.zip\" target=\"_blank\" rel=\"nofollow\">Zip-file<\/a>\u00a0a nakop\u00edrujte do vnit\u0159n\u00ed pam\u011bti.<\/strong><\/address>\n<address><strong>2. Pomoc\u00ed trojhmatu se dostaneme do recovery. Kdy\u017e u\u017e telefon zobraz\u00ed logo, pus\u0165te power.<\/strong><\/address>\n<p><img class=\"aligncenter\" alt=\"\" src=\"http:\/\/i155.photobucket.com\/albums\/s300\/THEE1234567890\/Samsung%20Galaxy%20W%20I8150\/Recovery1.jpg\" border=\"0\" \/><br \/>\njakmile uvid\u00edte zelen\u00e9ho androida, pus\u0165te v\u0161echny tla\u010d\u00edtka.<br \/>\n<img class=\"aligncenter\" alt=\"\" src=\"http:\/\/i155.photobucket.com\/albums\/s300\/THEE1234567890\/Samsung%20Galaxy%20W%20I8150\/Recovery2.jpg\" border=\"0\" \/><br \/>\nPak zm\u00e1\u010dkn\u011bte menu tla\u010d\u00edtko, obrazovka z\u0161edne a mus\u00edte po\u010dkat a\u017e se nahraje recovery.<\/p>\n<address>\u00a0<\/address>\n<address><strong>3. Pomoc\u00ed tla\u010d\u00edtek volume se p\u0159esu\u0148te na\u00a0apply sdcard:update.zip\u00a0v Recovery Menu. Pro potvrzen\u00ed tla\u010d\u00edtko Home.<\/strong><\/address>\n<address><strong>4.\u00a0Pomoc\u00ed tla\u010d\u00edtek volume\u00a0vyberte\u00a0update.zip\u00a0na sd kart\u011b a potvrdit tla\u010d\u00edtkem Home. Pak vy\u010dkejte.<\/strong><\/address>\n<address><strong>5. Nyn\u00ed vyberte\u00a0reboot system now\u00a0a potvrdit Home.<\/strong><\/address>\n<p>Nyn\u00ed jste unrooted.<\/p>\n<p>&nbsp;<\/p>\n<p><span style=\"font-size: x-large;\"><b>Other<\/b><\/span><\/p>\n<p><i>INFO: All the firmwares provided by me contain the Odin Multi Downloader v4.43.exe and the Ancora.OPS-file. So you just need to download the single files if you already have a firmware from somewhere else.<\/i><\/p>\n<p><a href=\"https:\/\/rapidshare.com\/files\/2608670876\/Odin_Multi_Downloader_v4.43.rar\" target=\"_blank\" rel=\"nofollow\">Odin Multi Downloader v4.43<\/a><br \/>\n<a href=\"https:\/\/rapidshare.com\/files\/1512714464\/ODIN___Ancora.OPS_for_I8150.rar\" target=\"_blank\" rel=\"nofollow\">Ancora.OPS<\/a><\/p>\n<p><i>INFO: You can install the following files using ODIN just like a firmware using it as OnePackage-File. ODIN file recognize it automatically<\/i><\/p>\n<p><a href=\"https:\/\/rapidshare.com\/files\/234216016\/StockRecovery.tar.rar\" target=\"_blank\" rel=\"nofollow\">Stock Recovery<\/a><\/p>\n<p><a href=\"https:\/\/rapidshare.com\/files\/1995524381\/recovery-clockwork-5.5.0.4-ancora.tar.rar\" target=\"_blank\" rel=\"nofollow\">ClockWorkMod v.5.5.0.4<\/a>\u00a0(<a href=\"http:\/\/forum.xda-developers.com\/showthread.php?t=1446593\" target=\"_blank\" rel=\"nofollow\">Original thread<\/a>)<\/p>\n<p><a href=\"https:\/\/rapidshare.com\/files\/2376406248\/Baseband_I8150XXLM8.rar\" target=\"_blank\" rel=\"nofollow\">Baseband I8150XXLM8 (for CM9 and custom ROMs)<\/a><\/p>\n<p><a href=\"https:\/\/rapidshare.com\/files\/31947295\/Baseband_I8150XXLMB.zip\" target=\"_blank\" rel=\"nofollow\">Baseband I8150XXLMB (for CM9 and custom ROMs)<\/a><\/p>\n<div class=\"facebook-like\"><fb:like layout=\"standard\" show_faces=\"true\" href=\"https:\/\/android.8u.cz\/?page_id=530\"><\/fb:like><\/div>","protected":false},"excerpt":{"rendered":"<p>Source:\u00a0http:\/\/forum.xda-developers.com\/showthread.php?t=1317394 Pro z\u00e1znam, rooting je v rozporu s u\u017e\u00edv\u00e1n\u00edm telefonu, v\u0161e d\u011bl\u00e1te na vlastn\u00ed nebezpe\u010d\u00ed. Ujist\u011bte se, \u017ee m\u00e1te nainstalov\u00e1ny v\u0161echny ovlada\u010de pro telefon. \u00a0 Rooting Recovery mode(SD card) Tento zp\u016fsob je pro telefony, kter\u00e9 jste pr\u00e1v\u011b vybalili, \u010dili v [&hellip;] <a class=\"more-link\" href=\"https:\/\/android.8u.cz\/?page_id=530\">&darr; Read the rest of this entry&#8230;<\/a><\/p>\n","protected":false},"author":1,"featured_media":0,"parent":0,"menu_order":0,"comment_status":"open","ping_status":"open","template":"","meta":[],"_links":{"self":[{"href":"https:\/\/android.8u.cz\/index.php?rest_route=\/wp\/v2\/pages\/530"}],"collection":[{"href":"https:\/\/android.8u.cz\/index.php?rest_route=\/wp\/v2\/pages"}],"about":[{"href":"https:\/\/android.8u.cz\/index.php?rest_route=\/wp\/v2\/types\/page"}],"author":[{"embeddable":true,"href":"https:\/\/android.8u.cz\/index.php?rest_route=\/wp\/v2\/users\/1"}],"replies":[{"embeddable":true,"href":"https:\/\/android.8u.cz\/index.php?rest_route=%2Fwp%2Fv2%2Fcomments&post=530"}],"version-history":[{"count":10,"href":"https:\/\/android.8u.cz\/index.php?rest_route=\/wp\/v2\/pages\/530\/revisions"}],"predecessor-version":[{"id":542,"href":"https:\/\/android.8u.cz\/index.php?rest_route=\/wp\/v2\/pages\/530\/revisions\/542"}],"wp:attachment":[{"href":"https:\/\/android.8u.cz\/index.php?rest_route=%2Fwp%2Fv2%2Fmedia&parent=530"}],"curies":[{"name":"wp","href":"https:\/\/api.w.org\/{rel}","templated":true}]}}