{"id":613,"date":"2013-05-03T10:14:40","date_gmt":"2013-05-03T09:14:40","guid":{"rendered":"http:\/\/android.8u.cz\/?page_id=613"},"modified":"2013-05-05T17:14:32","modified_gmt":"2013-05-05T16:14:32","slug":"htc-desire","status":"publish","type":"page","link":"https:\/\/android.8u.cz\/?page_id=613","title":{"rendered":"HTC DESIRE"},"content":{"rendered":"<p style=\"text-align: center;\"><img loading=\"lazy\" class=\"aligncenter\" alt=\"\" src=\"http:\/\/www.katalogmobilu.cz\/files\/mobily\/st1\/2203\/800x600_cs_CZ\/1330693829-htc-desire-3729.jpg\" width=\"194\" height=\"360\" \/><\/p>\n<div>\n<div>\n<div>\n<div>\n<div>\n<h2>HTC Desire: Odem\u010den\u00ed, zv\u011bt\u0161en\u00ed pam\u011bti<\/h2>\n<h2>a upgrade na Gingerbrea<wbr><\/wbr>d zdarma!<\/h2>\n<\/div>\n<\/div>\n<\/div>\n<div><\/div>\n<\/div>\n<\/div>\n<p>Po dlouh\u00e9 a dlouh\u00e9 dob\u011b sem sehnal tenhle telefon, j\u00e1 v\u00edm, \u017ee je str\u00e1\u00e1\u00e1\u0161n\u011b star\u00fd, ale je to asi posledn\u00ed HTC, co st\u00e1lo za n\u011bco. Sehnat tenhle kousek ve stavu jako nov\u00fd, byl opravdu kauf. D\u011bkuji ti aukro.<\/p>\n<p>Ch\u00e1pu, \u017ee existuje i Jelly bean na tohodle fe\u0161\u00e1ka, ale trp\u00ed nedostatkem, nebo sp\u00ed\u0161e trp\u00ed \u017e\u00e1dnou pam\u011bt\u00ed, tak\u017ee budete m\u00edt Jelly Bean, ale u\u017e se tam nic nevejde a zjistil jsem, \u017ee pou\u017e\u00edvat A2SD, nebo A2EXT, sice pam\u011b\u0165 zv\u011bt\u0161\u00ed, ale telefon to dost zabrzd\u00ed, co\u017e je pro m\u011b, jako\u017eto u\u017eivatele S3, docela pekeln\u00e9, pokud p\u0159ech\u00e1z\u00edte z vodafonu 845, tak to asi nevad\u00ed, ale pro m\u011b teda instalovat telefon 5 hodin nen\u00ed u\u017e z\u00e1bava. Dal jsem do n\u011bj CM7, co\u017e je android 2.3.5 tu\u0161\u00edm.<\/p>\n<div id=\"messagebodydisplay\">\n<p>&nbsp;<\/p>\n<p><strong>Odem\u010den\u00ed:<\/strong><\/p>\n<ol>\n<li>Zapn\u011bte lad\u011bn\u00ed USB (Settings &gt; Applications &gt; Development)<\/li>\n<li>P\u0159ipojte telefon k PC<\/li>\n<li>Koukn\u011bte se v pc do spr\u00e1vce za\u0159\u00edzen\u00ed, jestli tam nen\u00ed n\u011bjak\u00fd probl\u00e9m v driveru a zaka\u017ete rychl\u00e9 spou\u0161t\u011bn\u00ed v telefonu<\/li>\n<li>Instalujte ADB driver\u00a0<a href=\"http:\/\/www.mediafire.com\/?mhzhki52ntbmmiz\" target=\"_self\" rel=\"nofollow\">http:\/\/www.mediafire.com\/?mhzhki52ntbmmiz<\/a><\/li>\n<li>Vypn\u011bte telefon, pokud jste nena\u0161li zak\u00e1z\u00e1n\u00ed rychl\u00e9ho spu\u0161t\u011bn\u00ed, tak vyndejte a zandejte baterku.<strong>\u00a0Zapn\u011bte dr\u017een\u00edm Power a volume dol\u016f<\/strong>\u00a0na start HBOOTu<\/li>\n<li>Koukn\u011bte se v pc do spr\u00e1vce za\u0159\u00edzen\u00ed, jestli tam st\u00e1le nen\u00ed n\u011bjak\u00fd probl\u00e9m v driveru<\/li>\n<li>Pokud ano pot\u0159ebujete Android 1.0 driver <a href=\"http:\/\/forum.xda-developers.com\/showthread.php?t=1253615\" target=\"_self\" rel=\"nofollow\">http:\/\/forum.xda-developers.com\/showthread.php?t=1<wbr><\/wbr>253615<\/a><\/li>\n<li>Download\u00a0<a href=\"http:\/\/forum.xda-developers.com\/showthread.php?t=943726\" target=\"_self\" rel=\"nofollow\">http:\/\/forum.xda-developers.com\/showthread.php?t=9<wbr><\/wbr>43726<\/a><\/li>\n<li>Use 7-zip to extract HTC_Desire_Unlock_v0.9.5.exe and run<\/li>\n<\/ol>\n<p><strong>Jin\u00e1 metoda je p\u0159es alpharev team na<\/strong>\u00a0<a href=\"http:\/\/revolutionary.io\/\">http:\/\/revolutionary.io\/<\/a><\/p>\n<ol>\n<li>Zapn\u011bte lad\u011bn\u00ed USB (Settings &gt; Applications &gt; Development)<\/li>\n<li>P\u0159ipojte telefon k PC<\/li>\n<li>Koukn\u011bte se v pc do spr\u00e1vce za\u0159\u00edzen\u00ed, jestli tam nen\u00ed n\u011bjak\u00fd probl\u00e9m v driveru a zaka\u017ete rychl\u00e9 spou\u0161t\u011bn\u00ed v telefonu<\/li>\n<li>Instalujte ADB driver\u00a0<a href=\"http:\/\/www.mediafire.com\/?mhzhki52ntbmmiz\" target=\"_self\" rel=\"nofollow\">http:\/\/www.mediafire.com\/?mhzhki52ntbmmiz<\/a><\/li>\n<li>Vypn\u011bte telefon, pokud jste nena\u0161li zak\u00e1z\u00e1n\u00ed rychl\u00e9ho spu\u0161t\u011bn\u00ed, tak vyndejte a zandejte baterku.<strong>\u00a0Zapn\u011bte dr\u017een\u00edm Power a volume dol\u016f<\/strong>\u00a0na start HBOOTu<\/li>\n<li>Koukn\u011bte se v pc do spr\u00e1vce za\u0159\u00edzen\u00ed, jestli tam st\u00e1le nen\u00ed n\u011bjak\u00fd probl\u00e9m v driveru<\/li>\n<li>Pokud ano pot\u0159ebujete Android 1.0 driver\u00a0<a href=\"http:\/\/forum.xda-developers.com\/showthread.php?t=1253615\" target=\"_self\" rel=\"nofollow\">http:\/\/forum.xda-developers.com\/showthread.php?t=1<wbr><\/wbr>253615<\/a><\/li>\n<li>Kdy\u017e jste zalezli do HBOOTU, opi\u0161te si jeho verzi, podporovan\u00e9 jsou 0.93 a 1.02 , j\u00e1 m\u011bl na\u0161t\u011bst\u00ed 1.02, tak\u017ee unlock prob\u011bhl jednodu\u0161e a rovnou to nahr\u00e1lo CWM(clockworkmod recovery)<\/li>\n<li>Tato metoda se prov\u00e1d\u00ed s norm\u00e1ln\u011b zapnut\u00fdm telefonem a v\u0161e se provede samo.<\/li>\n<li><a title=\"http:\/\/forum.xda-developers.com\/attachment.php?attachmentid=1631968&amp;d=1357780284\" href=\"http:\/\/forum.xda-developers.com\/attachment.php?attachmentid=1631968&amp;d=1357780284\" target=\"_blank\">http:\/\/forum.xda-developers.com\/attachment.php?attachmentid=1631968&amp;d=1357780284<\/a>\u00a0tady je odkaz na 4EXT recovery, kter\u00e9 um\u00edst\u00edte na pam\u011b\u0165ovku a nabootujete do HBOOT a provedete update, t\u00edm budete m\u00edt recovery, kter\u00e9 je nejlep\u0161\u00ed, je dotykov\u00e9 a je pot\u0159eba na spr\u00e1vn\u00e9 form\u00e1tov\u00e1n\u00ed karty pro pot\u0159eby A2SD nebo A2EXT<\/li>\n<\/ol>\n<p>&nbsp;<\/p>\n<p>&nbsp;<\/p>\n<p><strong>P\u0159\u00edprava SD karty pro Data2SD:<\/strong><\/p>\n<p>Ve 4 EXT recovery, kter\u00e9 jsme dostali do telefonu dejte kartu, na kter\u00e9 nen\u00ed nic d\u016fle\u017eit\u00e9ho a je alespon class 10.<\/p>\n<ol>\n<li><span style=\"font-size: 13px; line-height: 19px;\">Vlezte do recovery<\/span><\/li>\n<li>Dejte Tools\/partition sd card\/remove all partitions and start from scratch<\/li>\n<li>1st SD EXT dejte 1024<\/li>\n<li>2nd SD EXT dejte SKIP<\/li>\n<li>SWAP dejte taky SKIP<\/li>\n<li>file system EXT4<\/li>\n<\/ol>\n<p>A je to<\/p>\n<p>&nbsp;<\/p>\n<p><strong>Flashing Gingerbread with Data2SD:<\/strong><\/p>\n<ol>\n<li>Download SuperNova and Data2SD from\u00a0<a href=\"http:\/\/supernova.droidzone.in\/\" target=\"_self\" rel=\"nofollow\">http:\/\/supernova.droidzone.in<\/a><\/li>\n<li>Copy zips to the fat32, insert the SD card into your phone<\/li>\n<li>Hold volume down and power the phone on, and enter recovery mode<\/li>\n<li><strong>Turn signature verification off (<\/strong>Install zip from SD card<strong>&gt;<\/strong>Toggle signature verification<strong>)<\/strong><\/li>\n<li>Wipe Data\/Factory reset (Do not wipe the dalvik cache!)<\/li>\n<li>Install Zip from SD\u00a0card \u2013 choose Supernova Rom<\/li>\n<li>Reboot<\/li>\n<li>Answer the HTC settings prompts, but don\u2019t input Google details, and don\u2019t install any app\/restore with Titanium on first boot<\/li>\n<li><strong>Menu&gt;Applications&gt;Untick Fastboot option<\/strong><\/li>\n<li>Check that Menu&gt;About&gt;Software information shows Build info as SuperNova. Check that internal memory (Menu&gt;SD) is as previously.<\/li>\n<li>Press Power button and Choose Restart-&gt; Restart from Recovery<\/li>\n<li>Install Zip from SD\u00a0card \u2013 choose Data2SD \u2013 and Reboot<\/li>\n<li>A blue LED flashes once. Check on reaching the home screen that internal memory is shown increased to around the same as your ext4 space. This may take up to 10-15 mins<\/li>\n<li>Titanium backup and choose \u201cRestore missing apps + all system data\u201d<\/li>\n<\/ol>\n<p>HBOOT :<\/p>\n<p>pou\u017e\u00edvat pro data++ a jin\u00e9 vychyt\u00e1vky<\/p>\n<p><a href=\"http:\/\/alpharev.nl\/\">http:\/\/alpharev.nl\/<\/a><\/p>\n<p>Name \/system \/cache \/data<br \/>\n&#8212;&#8212;&#8212;&#8212;&#8212;&#8212;&#8212;&#8212;&#8212;&#8212;&#8212;&#8212;&#8212;&#8212;&#8212;&#8212;&#8212;<br \/>\nBravo Stock 250M 40M 147M<br \/>\nBravo N1Table 145M 95M 197M<br \/>\nBravo Data++ 180M 5M 252M<br \/>\nBravo Sense 180M 40M 217M<br \/>\nBravo Oxygen r2 100M 5M 332M<br \/>\nBravo CM7 r2 145M 5M 287M<\/p>\n<p>1) Nandroid backup in recovery.<br \/>\n2) Verify the MD5SUM of the file you downloaded against the one in the table.<br \/>\n3) Flash HBOOT with your phone in fastboot mode (Back+POWER)<br \/>\n-&gt; &#8218;fastboot flash hboot bravo_alphaspl.img&#8216; (change into the correct filename for the HBOOT you downloaded)<br \/>\n4) &#8218;fastboot reboot-bootloader&#8216;<br \/>\n5) &#8218;fastboot erase cache&#8216;<br \/>\n6) Boot recovery, wipe everything and restore.<\/p>\n<p>If you downloaded Bravo Data++, please notice the \/cache partition is too small to hold Radio flashes from recovery.<br \/>\nYou can however flash the radio just fine with &#8218;fastboot flash radio radio.img&#8216;. Just extract the radio.img from the radio update.zip beforehand.<br \/>\nYou can also download the corresponding PB99IMG zipfile, put it on your sdcard, and rename it to PB99IMG.zip. Then start the phone in HBOOT mode (VolDown+POWER) to flash the HBOOT without a PC.<br \/>\nIt is however still necessary to either restore your nandroid, or reflash your ROM after doing this. The partition LAYOUT has changed, the actual data still needs to be &#8218;moved&#8217;.<\/p>\n<pre><\/pre>\n<p><strong>Rooting: (nep\u0159ekl\u00e1d\u00e1m, proto\u017ee budeme nahr\u00e1vat jinou romku a ty u\u017e root maj\u00ed)<\/strong><\/p>\n<ol>\n<li>Copy the entire sdcard contents to a backup folder on your hard disk<\/li>\n<li>Go to\u00a0Add\/Remove Programs\u00a0or\u00a0Programs and Features\u00a0(Vista and Win 7) and uninstall HTC\u00a0Sync if you have it. Also remove any other program which may try to talk to the phone.<\/li>\n<li>Download the latest version of Unrevoked\u00a0from\u00a0<a href=\"http:\/\/www.unrevoked.com\/recovery\/\" target=\"_self\" rel=\"nofollow\">http:\/\/www.unrevoked.com\/recovery\/<\/a><\/li>\n<li>Read\u00a0<a href=\"http:\/\/unrevoked.com\/rootwiki\/doku.php\/public\/unrevoked3\" target=\"_self\" rel=\"nofollow\">http:\/\/unrevoked.com\/rootwiki\/doku.php\/public\/unre<wbr><\/wbr>voked3<\/a>\u00a0for more information<\/li>\n<li>Read and follow driver installation guide\u00a0from\u00a0<a href=\"http:\/\/unrevoked.com\/rootwiki\/doku.php\/public\/windows_hboot_driver_install\" target=\"_self\" rel=\"nofollow\">http:\/\/unrevoked.com\/rootwiki\/doku.php\/public\/wind<wbr><\/wbr>ows_hboot_driver_install<\/a><\/li>\n<li>On phone, enable USB debugging (Settings\u00a0&gt;\u00a0Applications &gt;\u00a0Development)<\/li>\n<li>Settings &gt;\u00a0Connect to PC\u00a0and set the default connection type to Charge Only<\/li>\n<li><strong>Make sure you have enough free internal storage (20-40mb)<\/strong><\/li>\n<li>Connect the phone to your PC<\/li>\n<li>Run reflash_package.exe. Follow the on-screen instructions as Unrevoked detects your phone<\/li>\n<li>When \u2018Done\u2019 is displayed, phone is now rooted with S-OFF and ClockworkMod Recovery 2.5.0.7<\/li>\n<\/ol>\n<p><strong>Backup rooted phone before flashing:<\/strong><\/p>\n<p>Create a Nandroid backup before flashing<\/p>\n<ol>\n<li>Power off<\/li>\n<li>Hold volume down and power the phone on, and enter recovery mode<\/li>\n<li>Scroll to backup\/restore in recovery menu<\/li>\n<li>Select Nand Backup<\/li>\n<li>Follow on screen directions to complete<\/li>\n<li>Find saved nandroid on your SD card in \/sdcard\/clockworkmod\/backup<\/li>\n<\/ol>\n<div>Back up your apps separately using Titanium Backup<\/div>\n<ol>\n<li>Install Titanium Backup from market<\/li>\n<li>Use app and find saved in \/sdcard\/TitaniumBackup<\/li>\n<li>Copy the new sdcard contents to a backup folder on your hard disk<\/li>\n<\/ol>\n<\/div>\n<div class=\"facebook-like\"><fb:like layout=\"standard\" show_faces=\"true\" href=\"https:\/\/android.8u.cz\/?page_id=613\"><\/fb:like><\/div>","protected":false},"excerpt":{"rendered":"<p>HTC Desire: Odem\u010den\u00ed, zv\u011bt\u0161en\u00ed pam\u011bti a upgrade na Gingerbread zdarma! Po dlouh\u00e9 a dlouh\u00e9 dob\u011b sem sehnal tenhle telefon, j\u00e1 v\u00edm, \u017ee je str\u00e1\u00e1\u00e1\u0161n\u011b star\u00fd, ale je to asi posledn\u00ed HTC, co st\u00e1lo za n\u011bco. Sehnat tenhle kousek ve stavu [&hellip;] <a class=\"more-link\" href=\"https:\/\/android.8u.cz\/?page_id=613\">&darr; Read the rest of this entry&#8230;<\/a><\/p>\n","protected":false},"author":1,"featured_media":0,"parent":0,"menu_order":0,"comment_status":"open","ping_status":"open","template":"","meta":[],"_links":{"self":[{"href":"https:\/\/android.8u.cz\/index.php?rest_route=\/wp\/v2\/pages\/613"}],"collection":[{"href":"https:\/\/android.8u.cz\/index.php?rest_route=\/wp\/v2\/pages"}],"about":[{"href":"https:\/\/android.8u.cz\/index.php?rest_route=\/wp\/v2\/types\/page"}],"author":[{"embeddable":true,"href":"https:\/\/android.8u.cz\/index.php?rest_route=\/wp\/v2\/users\/1"}],"replies":[{"embeddable":true,"href":"https:\/\/android.8u.cz\/index.php?rest_route=%2Fwp%2Fv2%2Fcomments&post=613"}],"version-history":[{"count":16,"href":"https:\/\/android.8u.cz\/index.php?rest_route=\/wp\/v2\/pages\/613\/revisions"}],"predecessor-version":[{"id":630,"href":"https:\/\/android.8u.cz\/index.php?rest_route=\/wp\/v2\/pages\/613\/revisions\/630"}],"wp:attachment":[{"href":"https:\/\/android.8u.cz\/index.php?rest_route=%2Fwp%2Fv2%2Fmedia&parent=613"}],"curies":[{"name":"wp","href":"https:\/\/api.w.org\/{rel}","templated":true}]}}