{"id":700,"date":"2013-06-18T06:24:20","date_gmt":"2013-06-18T05:24:20","guid":{"rendered":"http:\/\/android.8u.cz\/?page_id=700"},"modified":"2013-06-18T06:31:06","modified_gmt":"2013-06-18T05:31:06","slug":"nexus-7","status":"publish","type":"page","link":"https:\/\/android.8u.cz\/?page_id=700","title":{"rendered":"NEXUS 7"},"content":{"rendered":"<p style=\"text-align: center;\"><img loading=\"lazy\" class=\"aligncenter\" alt=\"\" src=\"http:\/\/3.bp.blogspot.com\/-ydcc2Y0tn-0\/UZ0bxLkBZNI\/AAAAAAAAAW4\/lw3KgLZc8F4\/s1600\/Google-Nexus-7.jpg\" width=\"242\" height=\"259\" \/><\/p>\n<p style=\"text-align: left;\">Velice kr\u00e1sn\u00e9 a velice urputn\u011bkrutop\u0159\u00edsn\u011brychl\u00e9 za\u0159\u00edzen\u00ed. Radost rootovat.<\/p>\n<p style=\"text-align: left;\">ROOT<\/p>\n<p style=\"text-align: left;\">Prob\u00edh\u00e1 pomoc\u00ed odem\u010den\u00edm bootloaderu (p\u0159ich\u00e1z\u00edte o z\u00e1ruku). Je to velice jednoduch\u00e9, postupujte podle n\u00e1vodu, kter\u00fd je zde\u00a0<a href=\"http:\/\/dotekomanie.cz\/2013\/02\/jak-na-root-tabletu-nexus-7-podrobny-navod\/\">http:\/\/dotekomanie.cz\/2013\/02\/jak-na-root-tabletu-nexus-7-podrobny-navod\/<\/a>\u00a0 , nem\u00e1 cenu to smolit znovu, proto\u017ee ten n\u00e1vod nejde l\u00e9pe ud\u011blat.<\/p>\n<p style=\"text-align: left;\">Fle\u0161ov\u00e1n\u00ed romek je takt\u00e9\u017e bez nutnosti psan\u00ed dalekos\u00e1hl\u00fdch text\u016f. Pomoc\u00ed stejn\u00e9ho programu jako jste ud\u011blali root, provedete nahr\u00e1n\u00ed recovery (osobn\u011b preferuji TWRP). A pak u\u017e V\u00e1m nic nebr\u00e1n\u00ed ve fle\u0161ov\u00e1n\u00ed romek.<\/p>\n<div class=\"facebook-like\"><fb:like layout=\"standard\" show_faces=\"true\" href=\"https:\/\/android.8u.cz\/?page_id=700\"><\/fb:like><\/div>","protected":false},"excerpt":{"rendered":"<p>Velice kr\u00e1sn\u00e9 a velice urputn\u011bkrutop\u0159\u00edsn\u011brychl\u00e9 za\u0159\u00edzen\u00ed. Radost rootovat. ROOT Prob\u00edh\u00e1 pomoc\u00ed odem\u010den\u00edm bootloaderu (p\u0159ich\u00e1z\u00edte o z\u00e1ruku). Je to velice jednoduch\u00e9, postupujte podle n\u00e1vodu, kter\u00fd je zde\u00a0http:\/\/dotekomanie.cz\/2013\/02\/jak-na-root-tabletu-nexus-7-podrobny-navod\/\u00a0 , nem\u00e1 cenu to smolit znovu, proto\u017ee ten n\u00e1vod nejde l\u00e9pe ud\u011blat. Fle\u0161ov\u00e1n\u00ed romek [&hellip;] <a class=\"more-link\" href=\"https:\/\/android.8u.cz\/?page_id=700\">&darr; Read the rest of this entry&#8230;<\/a><\/p>\n","protected":false},"author":1,"featured_media":0,"parent":0,"menu_order":0,"comment_status":"open","ping_status":"open","template":"","meta":[],"_links":{"self":[{"href":"https:\/\/android.8u.cz\/index.php?rest_route=\/wp\/v2\/pages\/700"}],"collection":[{"href":"https:\/\/android.8u.cz\/index.php?rest_route=\/wp\/v2\/pages"}],"about":[{"href":"https:\/\/android.8u.cz\/index.php?rest_route=\/wp\/v2\/types\/page"}],"author":[{"embeddable":true,"href":"https:\/\/android.8u.cz\/index.php?rest_route=\/wp\/v2\/users\/1"}],"replies":[{"embeddable":true,"href":"https:\/\/android.8u.cz\/index.php?rest_route=%2Fwp%2Fv2%2Fcomments&post=700"}],"version-history":[{"count":5,"href":"https:\/\/android.8u.cz\/index.php?rest_route=\/wp\/v2\/pages\/700\/revisions"}],"predecessor-version":[{"id":705,"href":"https:\/\/android.8u.cz\/index.php?rest_route=\/wp\/v2\/pages\/700\/revisions\/705"}],"wp:attachment":[{"href":"https:\/\/android.8u.cz\/index.php?rest_route=%2Fwp%2Fv2%2Fmedia&parent=700"}],"curies":[{"name":"wp","href":"https:\/\/api.w.org\/{rel}","templated":true}]}}