{"id":734,"date":"2013-07-23T19:40:37","date_gmt":"2013-07-23T18:40:37","guid":{"rendered":"http:\/\/android.8u.cz\/?page_id=734"},"modified":"2013-07-23T20:44:14","modified_gmt":"2013-07-23T19:44:14","slug":"i9250-galaxy-nexus","status":"publish","type":"page","link":"https:\/\/android.8u.cz\/?page_id=734","title":{"rendered":"i9250 Galaxy NEXUS"},"content":{"rendered":"<div style=\"width: 455px\" class=\"wp-caption aligncenter\"><img loading=\"lazy\" class=\"    \" alt=\"\" src=\"http:\/\/www.androidmarket.cz\/wp-content\/uploads\/2011\/10\/Galaxy-Nexus-White-Porcelain.png\" width=\"445\" height=\"414\" \/><p class=\"wp-caption-text\">MAGURO<\/p><\/div>\n<p>ROOT a podobn\u00e9 v\u011bci se d\u011blaj\u00ed velice jednodu\u0161e p\u0159es Samsung Galaxy Nexus Toolkit, kter\u00fd naleznete <a title=\"http:\/\/forum.xda-developers.com\/showthread.php?t=1392310\" href=\"http:\/\/forum.xda-developers.com\/showthread.php?t=1392310\" target=\"_blank\">zde<\/a>\u00a0.<\/p>\n<p>D\u00e1le se nem\u00e1 cenu rozepisovat.<\/p>\n<p>Specifikace:<\/p>\n<h2>Platforma<\/h2>\n<ul>\n<li>850 \/ 900 \/ 1800 \/ 1900MHz GSM &amp; EDGE Band<\/li>\n<li>850 \/ 900 \/ 1700 \/ 1900 \/ 2100MHz 3G Band<\/li>\n<li>GPRS Network &amp; Data: 850 \/ 900 \/ 1800 \/ 1900 (Slave)<\/li>\n<li>EDGE Network &amp; Data: 850 \/ 900 \/ 1800 \/ 1900 (Master)<\/li>\n<li>3G Network &amp; Data: HSPA+ 21<\/li>\n<li>Android 4.0 (Ice Cream Sandwich)<\/li>\n<li>Android browser<\/li>\n<li>0.303mW\/g SAR value<\/li>\n<\/ul>\n<h2>Displej<\/h2>\n<ul>\n<li>16M Colour sAMOLED Technology<\/li>\n<li>1280 x 720 External Resolution<\/li>\n<li>4.65&#8243; External Display Size<\/li>\n<\/ul>\n<h2>Video<\/h2>\n<ul>\n<li>Video Player: H.263 \/ H.264 \/ MPEG4 \/ VC-1<\/li>\n<li>HD 1080p \/ HD 720p \/ SD 480p (Recording)<\/li>\n<li>Video Messaging: H.263 + AMR NB<\/li>\n<li>Video Streaming available<\/li>\n<li>AMR-NB, H.263, MPEG4<\/li>\n<li>Input Device: Touch<\/li>\n<\/ul>\n<h2>Business&amp;Office<\/h2>\n<ul>\n<li>Offline Mode: Flight Mode<\/li>\n<li>Voice Mail<\/li>\n<\/ul>\n<h2>Pam\u011b\u0165<\/h2>\n<ul>\n<li>16GB User Memory*<\/li>\n<li>SMS up to available memory<\/li>\n<li>Phone book entries up to available memory<\/li>\n<\/ul>\n<div>\n<h2>Design<\/h2>\n<ul>\n<li>Full Touch BAR Form Factor<\/li>\n<\/ul>\n<h2>Baterie<\/h2>\n<ul>\n<li>1750mAh Battery Capacity<\/li>\n<li>Up to 1060min (2G) \/ Up to 500min (3G) Talk Time Battery<\/li>\n<li>Up to 290Hours (2G) \/ Up to 270Hours (3G) Stand-by Time Battery<\/li>\n<\/ul>\n<h2>Music&amp;Sound<\/h2>\n<ul>\n<li>Music Player: AAC \/ AAC+ \/ AMR \/ AMR-NB \/ eAAC+ \/ MP3<\/li>\n<\/ul>\n<h2>Messaging<\/h2>\n<ul>\n<li>Messaging: SMS \/ MMS<\/li>\n<li>Email (POP3, IMAP4, SMTP, SSL)<\/li>\n<li>Google+ Messenger, Google Talk<\/li>\n<\/ul>\n<h2>Personal Information Management<\/h2>\n<ul>\n<li>Month \/ Week \/ Day \/ Agenda Calendar<\/li>\n<li>Real Time Clock<\/li>\n<li>Alarm available<\/li>\n<li>Calculator available<\/li>\n<\/ul>\n<\/div>\n<div>\n<h2>Physical Specification<\/h2>\n<ul>\n<li>135.5 x 67.94 x 8.94mm Dimension<\/li>\n<li>135g Weight<\/li>\n<\/ul>\n<h2>Camera<\/h2>\n<ul>\n<li>5 Megapixels<\/li>\n<li>x8 Digital Zoom<\/li>\n<li>LED Flash<\/li>\n<li>Auto Focus available<\/li>\n<li>Capture only \/ Panorama shot<\/li>\n<li>White Balance: Auto \/ Daylight \/ Incandescent \/ Fluorescent \/ Cloudy<\/li>\n<\/ul>\n<h2>Fun&amp;Entertainment<\/h2>\n<ul>\n<li>19ea Embedded Wallpaper<\/li>\n<\/ul>\n<h2>Connectivity<\/h2>\n<ul>\n<li>BT 3.0 + EDR Bluetooth<\/li>\n<li>2.0 High Speed USB<\/li>\n<li>USB Mass Storage available<\/li>\n<li>Android Internet HTML Browser<\/li>\n<li>WIFI a\/b\/g\/n<\/li>\n<li>AGPS Supported<\/li>\n<li>NFC Supported<\/li>\n<\/ul>\n<h2>Call Function<\/h2>\n<ul>\n<li>Caller ID available<\/li>\n<li>Speakerphone available<\/li>\n<li>Voice Recognition available<\/li>\n<\/ul>\n<\/div>\n<div class=\"facebook-like\"><fb:like layout=\"standard\" show_faces=\"true\" href=\"https:\/\/android.8u.cz\/?page_id=734\"><\/fb:like><\/div>","protected":false},"excerpt":{"rendered":"<p>ROOT a podobn\u00e9 v\u011bci se d\u011blaj\u00ed velice jednodu\u0161e p\u0159es Samsung Galaxy Nexus Toolkit, kter\u00fd naleznete zde\u00a0. D\u00e1le se nem\u00e1 cenu rozepisovat. Specifikace: Platforma 850 \/ 900 \/ 1800 \/ 1900MHz GSM &amp; EDGE Band 850 \/ 900 \/ 1700 \/ [&hellip;] <a class=\"more-link\" href=\"https:\/\/android.8u.cz\/?page_id=734\">&darr; Read the rest of this entry&#8230;<\/a><\/p>\n","protected":false},"author":1,"featured_media":0,"parent":0,"menu_order":0,"comment_status":"open","ping_status":"open","template":"","meta":[],"_links":{"self":[{"href":"https:\/\/android.8u.cz\/index.php?rest_route=\/wp\/v2\/pages\/734"}],"collection":[{"href":"https:\/\/android.8u.cz\/index.php?rest_route=\/wp\/v2\/pages"}],"about":[{"href":"https:\/\/android.8u.cz\/index.php?rest_route=\/wp\/v2\/types\/page"}],"author":[{"embeddable":true,"href":"https:\/\/android.8u.cz\/index.php?rest_route=\/wp\/v2\/users\/1"}],"replies":[{"embeddable":true,"href":"https:\/\/android.8u.cz\/index.php?rest_route=%2Fwp%2Fv2%2Fcomments&post=734"}],"version-history":[{"count":3,"href":"https:\/\/android.8u.cz\/index.php?rest_route=\/wp\/v2\/pages\/734\/revisions"}],"predecessor-version":[{"id":736,"href":"https:\/\/android.8u.cz\/index.php?rest_route=\/wp\/v2\/pages\/734\/revisions\/736"}],"wp:attachment":[{"href":"https:\/\/android.8u.cz\/index.php?rest_route=%2Fwp%2Fv2%2Fmedia&parent=734"}],"curies":[{"name":"wp","href":"https:\/\/api.w.org\/{rel}","templated":true}]}}