{"id":768,"date":"2013-10-17T23:12:47","date_gmt":"2013-10-17T22:12:47","guid":{"rendered":"http:\/\/android.8u.cz\/?page_id=768"},"modified":"2013-11-20T12:59:47","modified_gmt":"2013-11-20T11:59:47","slug":"lg-g2-d802","status":"publish","type":"page","link":"https:\/\/android.8u.cz\/?page_id=768","title":{"rendered":"LG G2 D802"},"content":{"rendered":"<p style=\"text-align: center;\"><img loading=\"lazy\" class=\"aligncenter\" alt=\"\" src=\"http:\/\/i-cdn.phonearena.com\/images\/articles\/92046-image\/LG-G2-official-images.jpg\" width=\"281\" height=\"421\" \/><\/p>\n<p>Jen upozorn\u00edm, \u017ee v\u0161e co d\u011bl\u00e1te, d\u011bl\u00e1te na vlastn\u00ed riziko a nenesu odpov\u011bdnost za po\u0161kozen\u00ed Va\u0161eho telefonu.<\/p>\n<p>Root je velice snadn\u00fd, zde je anglick\u00e9 video:<br \/>\n<iframe width=\"520\" height=\"390\" src=\"http:\/\/www.youtube.com\/embed\/Y45SXPRb31o?feature=oembed\" frameborder=\"0\" allowfullscreen><\/iframe><\/p>\n<p>Postup je jasn\u00fd:<br \/>\nM\u00e1m verzi EUR JDQ39B\/D80210a-EUR-XX\/WIN 8.1 X64<\/p>\n<p><strong>Krok 1<\/strong>: St\u00e1hn\u011bte a nainstalujte Drivery <a title=\"https:\/\/dl.dropboxusercontent.com\/u\/24741486\/LG%20G2\/LGUnitedMobileDriver_S4981MAN38AP22_ML_WHQL_Ver_3.8.1.exe\" href=\"https:\/\/dl.dropboxusercontent.com\/u\/24741486\/LG%20G2\/LGUnitedMobileDriver_S4981MAN38AP22_ML_WHQL_Ver_3.8.1.exe\" target=\"_blank\">https:\/\/dl.dropboxusercontent.com\/u\/24741486\/LG%20G2\/LGUnitedMobileDriver_S4981MAN38AP22_ML_WHQL_Ver_3.8.1.exe<\/a>na pc. Pak si st\u00e1hn\u011bte tento zip <a title=\"\u201dhttp:\/\/downloads.codefi.re\/thecubed\/lg_g2\/root\/ioroot6.zip\u201d\" href=\"\u201dhttp:\/\/downloads.codefi.re\/thecubed\/lg_g2\/root\/ioroot6.zip\u201d\" target=\"\u201d_blank\u201d\">http:\/\/downloads.codefi.re\/thecubed\/lg_g2\/root\/ioroot6.zip<\/a>[\/url to je bal\u00ed\u010dek na root.<br \/>\n<strong>Krok 2<\/strong>: Rozbalte zip do slo\u017eky na va\u0161\u00ed plo\u0161e.<strong>Zapn\u011bte lad\u011bn\u00ed USB (nastaven\u00ed\/obecn\u00e9\/info o telefonu\/Softwarov\u00e9 informace\/ a asi 7x klepn\u011bte na \u010c\u00edslo sestaven\u00ed-m\u011blo by se dole vypsat \u201cjste v\u00fdvoj\u00e1\u0159\u201d \/ vr\u00e1t\u00edte se 2x zp\u011bt do obecn\u00e9\/Mo\u017enosti v\u00fdvoj\u00e1\u0159e\/Lad\u011bn\u00ed USB (to jde jen p\u0159i nep\u0159ipojen\u00e9m telefonu)<\/strong><br \/>\n<strong>Krok 3<\/strong> P\u0159ipojte G2 k PC a po\u010dkejte a\u017e se provede instalace driver\u016f. Nyn\u00ed 2x klikn\u011bte na \u201croot.bat\u201d , kter\u00fd jse rozzipovali na plochu v p\u0159edchoz\u00edm kroku.<br \/>\n<strong>Krok 4<\/strong> Po t\u00e9, co bylo za\u0159\u00edzen\u00ed detekov\u00e1no, se to zastav\u00ed v bod\u011b, kdy to anglicky bude cht\u00edt disconnect your device, disable USB Debugging, then again re-enable it and plug the phone back in, to znamen\u00e1, \u017ee m\u00e1te odpojit telefon, a proj\u00edt proceduru Lad\u011bn\u00ed usb, nastaven\u00ed\/obecn\u00e9\/mo\u017enosti v\u00fdvoj\u00e1\u0159e\/vypn\u011bte a zase zapn\u011bte usb a p\u0159ipojte telefon zp\u011bt a chvilku po\u010dkejte (20 vte\u0159in).<br \/>\n<strong>Krok 5<\/strong> Jakmile je za\u0159\u00edzen\u00ed znovu p\u0159ipojen\u00e9, script detekuje telefon a za\u010dne Rootovac\u00ed procedura, b\u011bhem procesu budete dot\u00e1z\u00e1ni na instalaci superuser.apk, ur\u010dit\u011b potvr\u010fte, \u017ee ano, jinak nebudete m\u00edt root<br \/>\n<strong>Step 6<\/strong> Va\u0161e za\u0159\u00edzen\u00ed u\u017e nen\u00ed v z\u00e1ruce, (\u010dasem dozjist\u00edm jak to vr\u00e1tit zp\u011bt, ale podle m\u011b je to stejn\u00e9 jako u samsungu, kdy se fle\u0161ne origin\u00e1ln\u00ed firmware). <strong>Ur\u010dit\u011b u\u017e nepotvrzujte updaty od LG, jinak se V\u00e1m m\u016f\u017ee telefon bloknout.<\/strong><\/p>\n<p>S recovery je to hor\u0161\u00ed(tak na \u00farovni HTC), fle\u0161nout twrp nebo cwm je na v\u00e1s, j\u00e1 sem zvolil twrp :<\/p>\n<p>Co pot\u0159ebujeme<br \/>\n1) root<br \/>\n2) St\u00e1hn\u011bte recovery<a title=\"\u201dhttp:\/\/www.androidfilehost.com\/?fid=23159073880934796\u201d\" href=\"\u201dhttp:\/\/www.androidfilehost.com\/?fid=23159073880934796\u201d\" target=\"\u201d_blank\u201d\">http:\/\/www.androidfilehost.com\/?fid=23159073880934796<\/a>.<\/p>\n<p>Instalace<br \/>\n(ADB drivery mus\u00ed b\u00fdt instalov\u00e1ny)<br \/>\nPodle n\u00e1vodu to moc ne\u0161lo, ten \u010dlov\u011bk pou\u017eil \u00fapln\u011b jin\u00e9 cesty k souboru, tak\u017ee jsem to ud\u011blal tak, \u017ee jsem vlo\u017eil soubor d802.img do slo\u017eky na plochu, kterou jsme m\u011bli p\u0159i rootu, a a\u017e tam bude ten soubor, dejte to p\u0159\u00edmo na c:\\ioroot10 (nebo p\u0159\u00edpadn\u00fd v\u00e1\u0161 n\u00e1zev slo\u017eky, budeme pracovat s t\u00edmto . Dejte start a spustit cmd (to o\u0161kliv\u00e9 \u010dern\u00e9 okno <img src=\"https:\/\/android.8u.cz\/wp-includes\/images\/smilies\/mrgreen.png\" alt=\":mrgreen:\" class=\"wp-smiley\" style=\"height: 1em; max-height: 1em;\" \/> ) p\u0159es p\u0159\u00edkazy se dosta\u0148te na c: ,<\/p>\n<p><strong> tak\u017ee pokud jste skon\u010dili na C:\\Users\\Va\u0161 u\u017eiv. jm\u00e9no &gt;<\/strong>, <strong>mus\u00edte ud\u011blat 2x<\/strong> [code]cd..[\/code] a pak [code]<strong>cd ioroot10<\/strong>[\/code] a p\u00e1k \ud83d\ude42 (doporu\u010duji pou\u017e\u00edvat kop\u00edrovat a vlo\u017eit po \u0159\u00e1dc\u00edch)<\/p>\n<p>[code]<br \/>\nadb push d802.img \/data\/local\/tmp\/d802.img<\/p>\n<p>adb shell<br \/>\nsu<br \/>\ncd \/data\/local\/tmp<\/p>\n<p>dd if=\/data\/local\/tmp\/d802.img of=\/dev\/block\/platform\/msm_sdcc.1\/by-name\/recovery<br \/>\n(ujist\u011bte se, \u017ee to prob\u011bhlo)<\/p>\n<p>exit<\/p>\n<p>adb reboot recovery (to mi nefungovalo, tak\u017ee vypn\u011bte a zapn\u011bte telefon)<br \/>\n[\/code]<\/p>\n<p>Vstup do RECOVERY<br \/>\nMetoda 1: Dr\u017ete + volume down dokud neuvid\u00edte LG logo.Rychle pus\u0165te ob\u011b tla\u010d\u00edtka a pak je zm\u00e1\u010dkn\u011bte znovu a dr\u017ee dokud neuv\u00edd\u00edte \u201chard reset\u201d , ale kdy\u017e zvol\u00edte hard reset, tak se spust\u00ed TWRP, bez resetu. <strong>(pokud jste postupovali dob\u0159e, pokud ne, v telefonu nem\u00e1te nic sorry).<\/strong><\/p>\n<p>Metoda 2: <strong>Nebo si st\u00e1hn\u011bte z marketu Power menu nebo \u201cRebooter\u201d z Google Play. A budete moct d\u00e1t reboot into recovery (bezpe\u010dn\u011b).<\/strong><\/p>\n<p><strong>UNROOT:<\/strong><\/p>\n<p>Po dlouh\u00fdch peripeti\u00edch a d\u00edky u\u017eivateli\u00a0REDAKTOR\u00a0<a href=\"http:\/\/androidforum.cz\/member52451.html\">member52451.html<\/a>\u00a0kone\u010dn\u011b p\u00ed\u0161u tyto \u0159\u00e1dky.<br \/>\nUnroot je tro\u0161ku mimo r\u00e1mec mo\u017enost\u00ed 60% norm\u00e1ln\u00edch u\u017eivatel\u016f. Je pot\u0159eba m\u00edt\u00a0WIN XP SP3 ENG\u00a0, je jedno jestli Home nebo Proffesional. Pokud V\u00e1m m\u016f\u017eu d\u00e1t radu,tak po internetu se pohybuj\u00ed r\u016fzn\u00e9 iso soubory s win xp eng, t\u00edmto ned\u00e1v\u00e1m n\u00e1vod abyste kradli, to ne, je to takov\u00e1 pololoupe\u017e. Mus\u00edte si xp\u010dka prost\u011b koupit, nejl\u00e9pe na aukru, klidn\u011b \u010desk\u00e9, pot\u0159ebujeme pouze licenci. Z uloupen\u00e9ho iso souboru a k n\u011bmu dodan\u00e9ho kl\u00ed\u010de, nainstalujete xpe\u010dka, a\u017e je budete cht\u00edt aktivovat(aktivace je nutn\u00e1, pot\u0159ebujete funk\u010dn\u00ed media player 11, kv\u016fli MTP),odpojte se od internetu a dejte aktivovat po telefonu, dole je tla\u010d\u00edtko pro zm\u011bnu licence a tady p\u0159ich\u00e1z\u00ed V\u00e1mi zakoupen\u00e1 licence, zad\u00e1te \u010d\u00edslo V\u00e1mi koupen\u00e9 licence a d\u00e1te aktivovat pozd\u011bji. P\u0159ipoj\u00edte se k internetu a aktivujete. d\u00e1le u\u017e budu jen p\u0159ekl\u00e1dat postup.<\/p>\n<p>Upozorn\u011bn\u00ed &#8211; pokud sel\u017ee download(stahov\u00e1n\u00ed) pou\u017eijte DOWNLOAD MANAGER!, pro \u010deskou republiku m\u00e1 soubor cca1,91GB prohl\u00ed\u017ee\u010de maj\u00ed ob\u010das probl\u00e9, zvl\u00e1\u0161t\u011b na pomal\u00e9m p\u0159ipojen\u00ed.<\/p>\n<p>Nejsem odpov\u011bdn\u00fd pokud si fle\u0161nete n\u011bco jin\u00e9ho.<br \/>\nPro \u010deskou republiku(\u010desk\u00e1 distribuce 16gb) :\u00a0<a title=\"http:\/\/www.uloz.to\/xUGvzYW4\/d80210a-00-cz-kdz\" href=\"http:\/\/www.uloz.to\/xUGvzYW4\/d80210a-00-cz-kdz\" target=\"_blank\">http:\/\/www.uloz.to\/xUGvzYW4\/d80210a-00-cz-kdz<\/a><\/p>\n<p>Jak fle\u0161nout origin\u00e1l Firmware:<br \/>\n1) St\u00e1hn\u011bte si Romku, podle zem\u011b, ze kter\u00e9 je V\u00e1\u0161 telefon (cz je v\u00fd\u0161e) &#8211;\u00a0<a href=\"http:\/\/storagecow.eu\/index.php?dir=Xda%2FLG+G2%2FStock%2F\">http:\/\/storagecow.eu\/index.php?dir=Xda% &#8230; 2FStock%2F<\/a><\/p>\n<p>2) St\u00e1hn\u011bte LG mobile support tool a Instalujte jej it. (Po instalaci se otev\u0159e,tak ho jenom zav\u0159ete) &#8211;<a href=\"http:\/\/csmg.lgmobile.com:9002\/client\/app\/B2CAppSetup.exe\">http:\/\/csmg.lgmobile.com:9002\/client\/ap &#8230; pSetup.exe<\/a><\/p>\n<p>3) St\u00e1hn\u011bte a instalujte (R&amp;D Test Tool) &amp; Drivery &#8211;\u00a0<a href=\"http:\/\/storagecow.eu\/index.php?dir=Xda%2FLG+Optimus+G+Pro%2FLG+Software%2F\">http:\/\/storagecow.eu\/index.php?dir=Xda% &#8230; oftware%2F<\/a><\/p>\n<p>4) Vypn\u011bte Va\u0161\u00ed G2 (kter\u00e1 je pln\u011b nabit\u00e1), zma\u010dkn\u011bte Volume Up a pak do n\u011bj str\u010dte kabel, dostanete se do download modu. Kabel doporu\u010duji ten, co byl dod\u00e1n s telefonem a zapojen\u00fdm p\u0159\u00edmo do zadn\u00edho usb na z\u00e1kladn\u00ed desce u pc, u notebooku je to jedno, doporu\u010duji p\u0159ipojit na USB 3.0 .<\/p>\n<p>5) Extrahujte FlashTool a spus\u0165te UpTestEX.exe<\/p>\n<p>6) V R&amp;D Test Tool okn\u011b zvolte,<br \/>\n1. Select Type = 3GQCT (Naho\u0159e vlevo)<br \/>\n2. PhoneMode = DIAG (Naho\u0159e vpravo)<br \/>\n3. Select kdz file = Vyberte soubor s Va\u0161\u00ed LG stock rom *.kdz<br \/>\n4. Klikn\u011bte &#8222;Normal web upgrade test&#8220; (dole po prav\u00e9 stran\u011b)<br \/>\n<img alt=\"Obr\u00e1zek\" src=\"https:\/\/dl.dropboxusercontent.com\/u\/24741486\/LG%20G2\/NAVOD.jpg\" \/><br \/>\nTo otev\u0159e dal\u0161\u00ed okno, kde zvol\u00edte &#8222;Upgrade Start&#8220; tla\u010d\u00edtko (nic jin\u00e9ho)<br \/>\npo\u010dk\u00e1te p\u00e1r vte\u0159in a v dal\u0161\u00edm okn\u011b, kter\u00e9 vysko\u010d\u00ed &#8222;Select Country &amp; Language&#8220; ,<br \/>\n=&gt; Country=Republic of Korea<br \/>\n=&gt; Language=Czech<br \/>\nkliknete na ok a najd\u011bte doma BIBLI&#8230;\u00a0<img title=\"Mrknut\u00ed\" alt=\";)\" src=\"http:\/\/androidforum.cz\/images\/smilies\/icon_e_wink.gif\" \/><\/p>\n<p>7) No a to je v\u0161e, ne\u0161ahejte na telefon ani pc, b\u011b\u017ete se kouknout n\u011bkam jinam.<\/p>\n<p>8) Je doporu\u010deno prov\u00e9st factory reset v recovery. (popis v\u00fd\u0161e).<br \/>\ntady podot\u00fdk\u00e1m, \u017ee nen\u00ed nutn\u00e9 d\u011blat reset, proto\u017ee i p\u0159es jinou romku mi to fle\u0161lo origo syst\u00e9m a po spu\u0161t\u011bn\u00ed telefonu byl ve stavu UNROOTED a nastaven\u00ed v\u0161eho tam z\u016fstalo. To je sp\u00ed\u0161, pokud to ponesete na reklamaci apod.<\/p>\n<p>Credit: Credit goes to Dees_Troy from TW, djrbliss who made all recoveries for this phone possible, and WACOMalt for his steps.<br \/>\nP\u0159elo\u017eil: Traged<\/p>\n<p>FIRMWARE:\u00a0<a href=\"http:\/\/lg-phone-firmware.com\/index.php?id_mod=36\">http:\/\/lg-phone-firmware.com\/index.php?id_mod=36<\/a><br \/>\nunroot:http:\/\/forum.xda-developers.com\/showthread.php?t=2432476 ud\u011bl\u00e1m asi o v\u00edkendu<\/p>\n<p>&nbsp;<\/p>\n<p>&nbsp;<\/p>\n<p>Credit: Credit goes to Dees_Troy from TW, djrbliss who made all recoveries for this phone possible, and WACOMalt for his steps.<br \/>\nP\u0159elo\u017eil: <strong>Traged<\/strong><\/p>\n<p>Root: <a title=\"\u201dhttp:\/\/www.androidbeat.com\/2013\/09\/root-t-mobile-att-verizon-korean-lg-g2\/\u201d\" href=\"\u201dhttp:\/\/www.androidbeat.com\/2013\/09\/root-t-mobile-att-verizon-korean-lg-g2\/\u201d\" target=\"\u201d_blank\u201d\">http:\/\/www.androidbeat.com\/2013\/09\/root-t-mobile-att-verizon-korean-lg-g2\/<\/a><br \/>\nTWRP Recovery: <a title=\"\u201dhttp:\/\/forum.xda-developers.com\/showthread.php?t=2472223\u201d\" href=\"\u201dhttp:\/\/forum.xda-developers.com\/showthread.php?t=2472223\u201d\" target=\"\u201d_blank\u201d\">http:\/\/forum.xda-developers.com\/showthread.php?t=2472223<\/a><br \/>\ncwm recovery: <a title=\"\u201dhttp:\/\/forum.xda-developers.com\/showthread.php?t=2468858\u201d\" href=\"\u201dhttp:\/\/forum.xda-developers.com\/showthread.php?t=2468858\u201d\" target=\"\u201d_blank\u201d\">http:\/\/forum.xda-developers.com\/showthread.php?t=2468858<\/a> (asi bude jednodu\u0161\u0161\u00ed instalace)<\/p>\n<p>&nbsp;<\/p>\n<p>unroot:<a href=\"http:\/\/forum.xda-developers.com\/showthread.php?t=2432476\">http:\/\/forum.xda-developers.com\/showthread.php?t=2432476<\/a><\/p>\n<div class=\"facebook-like\"><fb:like layout=\"standard\" show_faces=\"true\" href=\"https:\/\/android.8u.cz\/?page_id=768\"><\/fb:like><\/div>","protected":false},"excerpt":{"rendered":"<p>Jen upozorn\u00edm, \u017ee v\u0161e co d\u011bl\u00e1te, d\u011bl\u00e1te na vlastn\u00ed riziko a nenesu odpov\u011bdnost za po\u0161kozen\u00ed Va\u0161eho telefonu. Root je velice snadn\u00fd, zde je anglick\u00e9 video: Postup je jasn\u00fd: M\u00e1m verzi EUR JDQ39B\/D80210a-EUR-XX\/WIN 8.1 X64 Krok 1: St\u00e1hn\u011bte a nainstalujte Drivery [&hellip;] <a class=\"more-link\" href=\"https:\/\/android.8u.cz\/?page_id=768\">&darr; Read the rest of this entry&#8230;<\/a><\/p>\n","protected":false},"author":1,"featured_media":0,"parent":0,"menu_order":0,"comment_status":"open","ping_status":"open","template":"","meta":[],"_links":{"self":[{"href":"https:\/\/android.8u.cz\/index.php?rest_route=\/wp\/v2\/pages\/768"}],"collection":[{"href":"https:\/\/android.8u.cz\/index.php?rest_route=\/wp\/v2\/pages"}],"about":[{"href":"https:\/\/android.8u.cz\/index.php?rest_route=\/wp\/v2\/types\/page"}],"author":[{"embeddable":true,"href":"https:\/\/android.8u.cz\/index.php?rest_route=\/wp\/v2\/users\/1"}],"replies":[{"embeddable":true,"href":"https:\/\/android.8u.cz\/index.php?rest_route=%2Fwp%2Fv2%2Fcomments&post=768"}],"version-history":[{"count":10,"href":"https:\/\/android.8u.cz\/index.php?rest_route=\/wp\/v2\/pages\/768\/revisions"}],"predecessor-version":[{"id":779,"href":"https:\/\/android.8u.cz\/index.php?rest_route=\/wp\/v2\/pages\/768\/revisions\/779"}],"wp:attachment":[{"href":"https:\/\/android.8u.cz\/index.php?rest_route=%2Fwp%2Fv2%2Fmedia&parent=768"}],"curies":[{"name":"wp","href":"https:\/\/api.w.org\/{rel}","templated":true}]}}