{"id":810,"date":"2014-11-17T13:57:10","date_gmt":"2014-11-17T12:57:10","guid":{"rendered":"http:\/\/android.8u.cz\/?page_id=810"},"modified":"2014-11-17T14:24:29","modified_gmt":"2014-11-17T13:24:29","slug":"lg-g3-d855","status":"publish","type":"page","link":"https:\/\/android.8u.cz\/?page_id=810","title":{"rendered":"LG G3 D855"},"content":{"rendered":"<p><img loading=\"lazy\" class=\"aligncenter\" src=\"http:\/\/www.lg.com\/uk\/images\/lg-mobile-phones\/d855\/gallery\/medium01-2.jpg\" alt=\"\" width=\"369\" height=\"303\" \/><\/p>\n<p>Ahoj, mysl\u00edm si, \u017ee specifikace nejsou d\u016fle\u017eit\u00e1 v\u011bc.<\/p>\n<p>P\u0159edem upozor\u0148uji, \u017ee v\u0161e d\u011bl\u00e1te na vlastn\u00ed nebezpe\u010d\u00ed a ztr\u00e1c\u00edte z\u00e1ruku.<\/p>\n<p>Tento postup p\u0159edpokl\u00e1d\u00e1, \u017ee jste si nainstalovali do PC posledn\u00ed ovlada\u010d od LG.<\/p>\n<p>ROOT:<\/p>\n<p>V prvn\u00ed \u0159ad\u011b je pot\u0159eba zapnout lad\u011bn\u00ed USB, nebo-li USB debugging, pokud nev\u00edte kde to je, tak nepokra\u010dujte.<\/p>\n<p>Root je ps\u00e1n pro verzi androidu 4.4.2 , tedy s t\u00edm co p\u0159i\u0161lo z tov\u00e1rny, pokud jste upgradovali na 5.0, tak nepokra\u010dujte.<\/p>\n<p>Root jsem provedl velice jednodu\u0161e p\u0159es program\u00a0<a title=\"Purple drake root\" href=\"http:\/\/downloads.codefi.re\/thecubed\/lg_g3\/purpledrake\/PurpleDrake-Lite_R03.tar.gz\" target=\"_blank\">PurpleDrake-Lite_R03<\/a>\u00a0. Velice jednoduch\u00fd program.<\/p>\n<p>RECOVERY:<\/p>\n<p>Osobn\u011b jsem zast\u00e1nce TWRP , tak\u017ee jsem ze str\u00e1nek\u00a0<a title=\"http:\/\/lgg3root.com\/\" href=\"http:\/\/lgg3root.com\/\" target=\"_blank\">http:\/\/lgg3root.com\/<\/a>\u00a0jsem st\u00e1hl v telefonu <a title=\"http:\/\/downloads.codefi.re\/thecubed\/lg_g3\/bump\/\" href=\"http:\/\/downloads.codefi.re\/thecubed\/lg_g3\/bump\/\" target=\"_blank\">TWRP recovery<\/a>\u00a0a pomoc\u00ed programu <a title=\"https:\/\/play.google.com\/store\/apps\/details?id=com.cgollner.flashify\" href=\"https:\/\/play.google.com\/store\/apps\/details?id=com.cgollner.flashify\" target=\"_blank\">Flashify<\/a>\u00a0ho prost\u011b fle\u0161nete, ale pouze soubor *.img<\/p>\n<div class=\"pb-app-box\" data-theme=\"light\" data-lang=\"en\"><a href=\"http:\/\/playboard.me\/android\/apps\/com.cgollner.flashify\">WhatsApp (Playboard)<\/a> | <a href=\"https:\/\/play.google.com\/store\/apps\/details?id=com.cgollner.flashify&hl=en&referrer=utm_source%3DPlayboard%26utm_medium%3DWidgetWeb%26utm_campaign%3DPlayboard\" target=\"_blank\" rel=\"nofollow\">WhatsApp (Play Store)<\/a><\/div>\n<p>&nbsp;<\/p>\n<p><iframe width=\"520\" height=\"293\" src=\"https:\/\/www.youtube.com\/embed\/2we1YDc5JGU?feature=oembed\" frameborder=\"0\" allowfullscreen><\/iframe><\/p>\n<p>&nbsp;<\/p>\n<div class=\"facebook-like\"><fb:like layout=\"standard\" show_faces=\"true\" href=\"https:\/\/android.8u.cz\/?page_id=810\"><\/fb:like><\/div>","protected":false},"excerpt":{"rendered":"<p>Ahoj, mysl\u00edm si, \u017ee specifikace nejsou d\u016fle\u017eit\u00e1 v\u011bc. P\u0159edem upozor\u0148uji, \u017ee v\u0161e d\u011bl\u00e1te na vlastn\u00ed nebezpe\u010d\u00ed a ztr\u00e1c\u00edte z\u00e1ruku. Tento postup p\u0159edpokl\u00e1d\u00e1, \u017ee jste si nainstalovali do PC posledn\u00ed ovlada\u010d od LG. ROOT: V prvn\u00ed \u0159ad\u011b je pot\u0159eba zapnout lad\u011bn\u00ed [&hellip;] <a class=\"more-link\" href=\"https:\/\/android.8u.cz\/?page_id=810\">&darr; Read the rest of this entry&#8230;<\/a><\/p>\n","protected":false},"author":1,"featured_media":0,"parent":0,"menu_order":0,"comment_status":"open","ping_status":"open","template":"","meta":[],"_links":{"self":[{"href":"https:\/\/android.8u.cz\/index.php?rest_route=\/wp\/v2\/pages\/810"}],"collection":[{"href":"https:\/\/android.8u.cz\/index.php?rest_route=\/wp\/v2\/pages"}],"about":[{"href":"https:\/\/android.8u.cz\/index.php?rest_route=\/wp\/v2\/types\/page"}],"author":[{"embeddable":true,"href":"https:\/\/android.8u.cz\/index.php?rest_route=\/wp\/v2\/users\/1"}],"replies":[{"embeddable":true,"href":"https:\/\/android.8u.cz\/index.php?rest_route=%2Fwp%2Fv2%2Fcomments&post=810"}],"version-history":[{"count":5,"href":"https:\/\/android.8u.cz\/index.php?rest_route=\/wp\/v2\/pages\/810\/revisions"}],"predecessor-version":[{"id":815,"href":"https:\/\/android.8u.cz\/index.php?rest_route=\/wp\/v2\/pages\/810\/revisions\/815"}],"wp:attachment":[{"href":"https:\/\/android.8u.cz\/index.php?rest_route=%2Fwp%2Fv2%2Fmedia&parent=810"}],"curies":[{"name":"wp","href":"https:\/\/api.w.org\/{rel}","templated":true}]}}